{"id":984,"date":"2019-06-13T14:25:45","date_gmt":"2019-06-13T14:25:45","guid":{"rendered":"http:\/\/lechariotelevateur.fr\/site\/?post_type=product&#038;p=984"},"modified":"2019-06-13T14:26:55","modified_gmt":"2019-06-13T14:26:55","slug":"autolaveuse-karcher-surface-5400-m2-h","status":"publish","type":"product","link":"https:\/\/lechariotelevateur.fr\/site\/nos-machines\/nettoyage\/autolaveuse-karcher-surface-5400-m2-h\/","title":{"rendered":"AUTOLAVEUSE KARCHER SURFACE 5400 m2\/H"},"content":{"rendered":"<h3>Donn\u00e9es techniques<\/h3>\n<table class=\"table\">\n<tbody>\n<tr>\n<td>Largeur de nettoyage (mm)<\/td>\n<td>900<\/td>\n<\/tr>\n<tr>\n<td>Largeur de travail en aspiration (mm)<\/td>\n<td>1060<\/td>\n<\/tr>\n<tr>\n<td>R\u00e9servoir eau propre\/sale (l)<\/td>\n<td>120 \/ 120<\/td>\n<\/tr>\n<tr>\n<td>Rendement surfacique max. (m\u00b2\/h)<\/td>\n<td>5400<\/td>\n<\/tr>\n<tr>\n<td>Rendement surfacique pratique (m\u00b2\/h)<\/td>\n<td>3240<\/td>\n<\/tr>\n<tr>\n<td>Vitesse de rotation des rouleaux (U\/min)<\/td>\n<td>180 \/ 180<\/td>\n<\/tr>\n<tr>\n<td>Pression des brosses sur le sol (g\/cm\u00b2)<\/td>\n<td>7 \/ 25<\/td>\n<\/tr>\n<tr>\n<td>Type de courant (V)<\/td>\n<td>36<\/td>\n<\/tr>\n<tr>\n<td>Puissance absorb\u00e9e (W)<\/td>\n<td>max. 2200<\/td>\n<\/tr>\n<tr>\n<td>Moteur de traction (W)<\/td>\n<td>400<\/td>\n<\/tr>\n<tr>\n<td>Tension du chargeur (V\/Hz)<\/td>\n<td>230 \/ 230 \/ 50 \/ 60<\/td>\n<\/tr>\n<tr>\n<td>Batterie (V)<\/td>\n<td>36<\/td>\n<\/tr>\n<tr>\n<td>Poids (avec accessoires) (kg)<\/td>\n<td>362<\/td>\n<\/tr>\n<tr>\n<td>Dimensions (l x L x h) (mm)<\/td>\n<td>1782 x 910 x 1153<\/td>\n<\/tr>\n<tr>\n<td>Niveau de pression acoustique (dB\/A)<\/td>\n<td>69<\/td>\n<\/tr>\n<\/tbody>\n<\/table>\n<h5 class=\"section-headline\">CARACT\u00c9RISTIQUES ET AVANTAGES<\/h5>\n<div class=\"row\">\n<div class=\"col-sm-12\">\n<div class=\"row featurebenefits-row\">\n<div class=\"col-sm-5\">\n<h6>4 types de batterie au choix<\/h6>\n<\/div>\n<div class=\"col-sm-7 col-no-padding\">\n<ul>\n<li>Diff\u00e9rents types de batteries: batteries 170 Ah \/ 180 Ah \/ 240 Ah sans maintenance ou batterie 180 Ah avec maintenance r\u00e9duite.<\/li>\n<li>Chargeur int\u00e9gr\u00e9 parfaitement adapt\u00e9 aux diff\u00e9rents types de batteries.<\/li>\n<li>Dur\u00e9e de vie de la batterie prolong\u00e9e.<\/li>\n<\/ul>\n<\/div>\n<\/div>\n<div class=\"row featurebenefits-row\">\n<div class=\"col-sm-5\">\n<h6>Fonctionnalit\u00e9 Auto-fill in<\/h6>\n<\/div>\n<div class=\"col-sm-7 col-no-padding\">\n<ul>\n<li>Gain de temps lors du remplissage du r\u00e9servoir d&rsquo;eau propre.<\/li>\n<li>Le remplissage s&rsquo;arr\u00eate automatiquement lorsque le r\u00e9servoir est plein.<\/li>\n<\/ul>\n<\/div>\n<\/div>\n<div class=\"row featurebenefits-row\">\n<div class=\"col-sm-5\">\n<h6>Abaissement automatique de la t\u00eate de brossage et du suceur d&rsquo;aspiration<\/h6>\n<\/div>\n<div class=\"col-sm-7 col-no-padding\">\n<ul>\n<li>La t\u00eate de brossage et le suceur d&rsquo;aspiration sont abaiss\u00e9s automatiquement en fonction du programme de nettoyage s\u00e9lectionn\u00e9.<\/li>\n<li>Pratique: le suceur d&rsquo;aspiration se rel\u00e8ve automatiquement en marche arri\u00e8re.<\/li>\n<\/ul>\n<\/div>\n<\/div>\n<div class=\"row featurebenefits-row\">\n<div class=\"col-sm-5\">\n<h6>T\u00eate de brossage \u00e0 brosse-disque<\/h6>\n<\/div>\n<div class=\"col-sm-7 col-no-padding\"><\/div>\n<\/div>\n<div class=\"row featurebenefits-row\">\n<div class=\"col-sm-5\">\n<h6>EASY Operation<\/h6>\n<\/div>\n<div class=\"col-sm-7 col-no-padding\">\n<ul>\n<li>Simple d&rsquo;utilisation.<\/li>\n<li>Les diff\u00e9rentes fonctions sont accessibles facilement gr\u00e2ce au s\u00e9lecteur.<\/li>\n<\/ul>\n<\/div>\n<\/div>\n<div class=\"row featurebenefits-row\">\n<div class=\"col-sm-5\">\n<h6>Mode\u00a0<span class=\"fix-spelling\">eco!efficiency<\/span><\/h6>\n<\/div>\n<div class=\"col-sm-7 col-no-padding\">\n<ul>\n<li>Extra silencieuse et donc optimale pour les zones sensibles au bruit (exemple: h\u00f4pitaux ou h\u00f4tels).<\/li>\n<li>Pour une r\u00e9duction consid\u00e9rable de la consommation d&rsquo;\u00e9nergie et une autonomie plus longue de la batterie.<\/li>\n<\/ul>\n<\/div>\n<\/div>\n<div class=\"row featurebenefits-row\">\n<div class=\"col-sm-5\">\n<h6>Manipulation facile<\/h6>\n<\/div>\n<div class=\"col-sm-7 col-no-padding\">\n<ul>\n<li>Manipulation ais\u00e9e gr\u00e2ce aux commandes avec code de couleur.<\/li>\n<li>Utilisation simplifi\u00e9e pour un temps d&rsquo;apprentissage raccourci.<\/li>\n<\/ul>\n<\/div>\n<\/div>\n<div class=\"row featurebenefits-row\">\n<div class=\"col-sm-5\">\n<h6>Pression de la brosse r\u00e9glable<\/h6>\n<\/div>\n<div class=\"col-sm-7 col-no-padding\">\n<ul>\n<li>Pression d\u2019applique r\u00e9glable \u00e9lectriquement.<\/li>\n<li>R\u00e9glage facile de la pression de contact.<\/li>\n<\/ul>\n<\/div>\n<\/div>\n<div class=\"row featurebenefits-row\">\n<div class=\"col-sm-5\">\n<h6>Moteur de traction<\/h6>\n<\/div>\n<div class=\"col-sm-7 col-no-padding\">\n<ul>\n<li>Fonctionnement en marche avant et arri\u00e8re.<\/li>\n<li>La vitesse maximale peut \u00eatre pr\u00e9r\u00e9gl\u00e9e.<\/li>\n<\/ul>\n<\/div>\n<\/div>\n<div class=\"row featurebenefits-row\">\n<div class=\"col-sm-5\">\n<h6>Suceurs d\u2019aspiration courb\u00e9s, coud\u00e9s ou droits<\/h6>\n<\/div>\n<div class=\"col-sm-7 col-no-padding\">\n<ul>\n<li>Aspiration parfaite sur tous les sols.<\/li>\n<li>Types de suceurs: caoutchouc naturel ou en polyur\u00e9thane r\u00e9sistant aux hydrocarbures, droits ou courbes.<\/li>\n<\/ul>\n<\/div>\n<\/div>\n<\/div>\n<\/div>\n","protected":false},"excerpt":{"rendered":"<p>R\u00e9f\u00e9rence: T1.005-100.224 (Tarif sur demande)<\/p>\n<p>Sp\u00e9cialiste du nettoyage des grandes surfaces, l\u2019autolaveuse autotract\u00e9e B 120 W dispose d\u2019un faible niveau sonore et du mode\u00a0<span class=\"fix-spelling\">eco!efficiency<\/span>pour une ma\u00eetrise parfaite de la consommation d\u2019\u00e9nergie et de d\u00e9tergent. Le remplissage et le rin\u00e7age des r\u00e9servoirs s\u2019ex\u00e9cutent automatiquement. Son syst\u00e8me KIK (K\u00e4rcher Intelligent Key) permet de personnaliser les acc\u00e8s et les r\u00e9glages de la machine. Le r\u00e9servoir d&rsquo;eau propre de 120 litres lui conf\u00e8re une grande autonomie de travail. Cette version poss\u00e8de 2 brosses-disques pour une largeur de travail totale de 900 mm.<\/p>\n<p>&nbsp;<\/p>\n","protected":false},"featured_media":965,"comment_status":"open","ping_status":"closed","template":"","meta":[],"product_cat":[96],"product_tag":[],"_links":{"self":[{"href":"https:\/\/lechariotelevateur.fr\/site\/wp-json\/wp\/v2\/product\/984"}],"collection":[{"href":"https:\/\/lechariotelevateur.fr\/site\/wp-json\/wp\/v2\/product"}],"about":[{"href":"https:\/\/lechariotelevateur.fr\/site\/wp-json\/wp\/v2\/types\/product"}],"replies":[{"embeddable":true,"href":"https:\/\/lechariotelevateur.fr\/site\/wp-json\/wp\/v2\/comments?post=984"}],"wp:featuredmedia":[{"embeddable":true,"href":"https:\/\/lechariotelevateur.fr\/site\/wp-json\/wp\/v2\/media\/965"}],"wp:attachment":[{"href":"https:\/\/lechariotelevateur.fr\/site\/wp-json\/wp\/v2\/media?parent=984"}],"wp:term":[{"taxonomy":"product_cat","embeddable":true,"href":"https:\/\/lechariotelevateur.fr\/site\/wp-json\/wp\/v2\/product_cat?post=984"},{"taxonomy":"product_tag","embeddable":true,"href":"https:\/\/lechariotelevateur.fr\/site\/wp-json\/wp\/v2\/product_tag?post=984"}],"curies":[{"name":"wp","href":"https:\/\/api.w.org\/{rel}","templated":true}]}}