{"id":869,"date":"2018-11-02T08:11:15","date_gmt":"2018-11-02T08:11:15","guid":{"rendered":"http:\/\/lechariotelevateur.fr\/site\/?post_type=product&#038;p=869"},"modified":"2018-11-02T10:02:20","modified_gmt":"2018-11-02T10:02:20","slug":"transpalette-peseur","status":"publish","type":"product","link":"https:\/\/lechariotelevateur.fr\/site\/nos-machines\/pieces-detachees\/equipement-atelier-magasin\/materiel-magasinage\/transpalette-peseur\/","title":{"rendered":"TRANSPALETTE PESEUR"},"content":{"rendered":"<p>CARACT\u00c9RISTIQUES DU SYST\u00c8ME DE PESAGE<br \/>\nCapacit\u00e9 : 2 tonnes<br \/>\nPr\u00e9cision : 500 g<br \/>\nAffichage LED hauteur 30 mm<br \/>\nBoitier de l\u2019indicateur en ABS<br \/>\nProtection renforc\u00e9e de la partie pesage<br \/>\nIP : 54<br \/>\nAlimentation : Batterie 6V4Ah<br \/>\nIndication charge batterie (haute et basse)<br \/>\nChargeur externe : 220 VAC<br \/>\nTemp\u00e9rature de fonctionnement : -10\u00b0C \u00e0 +40\u00b0C<br \/>\nFONCTIONS DU SYST\u00c8ME DE PESAGE<br \/>\nBrut\/Tare\/Net<br \/>\nAccumulation<br \/>\nImpression avec date et heure, Totalisation,<br \/>\nTare, Net (Version Graphite-P)<br \/>\nCARACT\u00c9RISTIQUES TECHNIQUES<br \/>\nPompe hydraulique Premium<br \/>\nPoids du transpalette peseur : 94 kg<br \/>\nLongueur : 1150 mm<br \/>\nEcartement ext\u00e9rieur : 540 mm<br \/>\nHauteur position basse : 75 mm<br \/>\nHauteur position haute : 195 mm<br \/>\nRoues direction : Polyur\u00e9thane<br \/>\nRoues de charge double galet : Polyur\u00e9thane<br \/>\n4 capteurs renforc\u00e9s en aluminium IP 67 de 1t<br \/>\nGraisseurs sur le ch\u00e2ssis et la pompe<\/p>\n<p>&#8212;&#8212;&#8212;&#8212;&#8212;&#8212;&#8212;&#8212;&#8212;&#8212;&#8212;&#8212;&#8212;&#8212;&#8212;&#8212;&#8212;&#8212;&#8212;&#8212;&#8212;&#8212;&#8212;&#8212;&#8211;<\/p>\n<p>Toutes nos machines sont <strong>r\u00e9vis\u00e9es<\/strong> et <strong><span style=\"color: #800000;\">garanties, et certifi\u00e9es par un organisme ind\u00e9pendant.<br \/>\n<\/span><\/strong><\/p>\n<ul class=\"spip\">\n<li>Quatre niveaux de finition sont disponibles\u00a0:<br \/>\n\u2605\u2605\u00a0: Machine r\u00e9vis\u00e9e<br \/>\n\u2605\u2605\u2605\u00a0: Machine r\u00e9vis\u00e9e et en bon \u00e9tat (voile ou peinture partiel)<br \/>\n\u2605\u2605\u2605\u2605\u00a0: Machine reconditionn\u00e9e<br \/>\n\u2605\u2605\u2605\u2605\u2605\u00a0: Machine neuve<\/li>\n<\/ul>\n<p>Nous proposons des contrats avec <strong>intervention sur toute la France<\/strong> par le biais de nos partenaires locaux au sein de notre r\u00e9seau, qui se chargent de l&rsquo;entretien et de la maintenance de notre parc chariots \u00e9l\u00e9vateurs et de mat\u00e9riels de manutention.<\/p>\n<p>Avec un <strong>stock de plus de 300 chariots \u00e9l\u00e9vateurs d&rsquo;occasion<\/strong>, nous pouvons vous apporter une solution \u00e0 tous vos besoins en manutention, quelques soient l&rsquo;\u00e9nergie et le type de mat\u00e9riels souhait\u00e9s.<\/p>\n<p>Afin de pouvoir r\u00e9pondre \u00e0 100 % des demandes de nos clients, nous travaillons aussi avec des partenaires nationaux ce qui nous permet d&rsquo;apporter une r\u00e9ponse \u00e0 chaque demande, et ce, partout en France.<\/p>\n<p>&nbsp;<\/p>\n","protected":false},"excerpt":{"rendered":"<p>R\u00e9f. 002753 &#8211; 2 Tonnes &#8211; <span style=\"color: #000080;\"><strong>Materiel Neuf<\/strong><\/span><br \/>\nRoues Polyur\u00e9thane\u00a0 &#8211; Pr\u00e9cision 500 g\u00a0&#8211; Fourches 1150 x 540 mm.<\/p>\n<p><span style=\"color: #000080;\"><strong>Option imprimante disponible<\/strong><\/span><\/p>\n<p><span style=\"color: #800000;\"><strong>AUTRES MOD\u00c8LES SUR DEMANDE<\/strong><\/span><\/p>\n<p>&nbsp;<\/p>\n<p><img loading=\"lazy\" class=\"rsdb_etoiles alignnone size-full wp-image-133\" src=\"https:\/\/lechariotelevateur.fr\/site\/wp-content\/uploads\/2017\/04\/etoiles-etat-5-5.png\" alt=\"\" width=\"117\" height=\"20\" \/><\/p>\n","protected":false},"featured_media":870,"comment_status":"open","ping_status":"closed","template":"","meta":[],"product_cat":[81,80,70],"product_tag":[],"_links":{"self":[{"href":"https:\/\/lechariotelevateur.fr\/site\/wp-json\/wp\/v2\/product\/869"}],"collection":[{"href":"https:\/\/lechariotelevateur.fr\/site\/wp-json\/wp\/v2\/product"}],"about":[{"href":"https:\/\/lechariotelevateur.fr\/site\/wp-json\/wp\/v2\/types\/product"}],"replies":[{"embeddable":true,"href":"https:\/\/lechariotelevateur.fr\/site\/wp-json\/wp\/v2\/comments?post=869"}],"wp:featuredmedia":[{"embeddable":true,"href":"https:\/\/lechariotelevateur.fr\/site\/wp-json\/wp\/v2\/media\/870"}],"wp:attachment":[{"href":"https:\/\/lechariotelevateur.fr\/site\/wp-json\/wp\/v2\/media?parent=869"}],"wp:term":[{"taxonomy":"product_cat","embeddable":true,"href":"https:\/\/lechariotelevateur.fr\/site\/wp-json\/wp\/v2\/product_cat?post=869"},{"taxonomy":"product_tag","embeddable":true,"href":"https:\/\/lechariotelevateur.fr\/site\/wp-json\/wp\/v2\/product_tag?post=869"}],"curies":[{"name":"wp","href":"https:\/\/api.w.org\/{rel}","templated":true}]}}