{"id":591,"date":"2017-05-24T09:06:13","date_gmt":"2017-05-24T09:06:13","guid":{"rendered":"http:\/\/lechariotelevateur.fr\/site\/?post_type=product&#038;p=591"},"modified":"2017-05-24T09:59:22","modified_gmt":"2017-05-24T09:59:22","slug":"benne-basculante","status":"publish","type":"product","link":"https:\/\/lechariotelevateur.fr\/site\/nos-machines\/pieces-detachees\/equipement-atelier-magasin\/equipements-atelier-outils\/accessoires-materiels-manutention\/benne-basculante\/","title":{"rendered":"BENNE BASCULANTE"},"content":{"rendered":"<p>Type de la benne basculante benne auto-basculante<br \/>\nCouleur benne basculante RAL 3020 (rouge)<br \/>\nHauteur de la benne basculante sans roues H1 (mm) 870<br \/>\nHauteur de l?entr\u00e9e de fourches (dimension int\u00e9rieure) (mm) 100<br \/>\nLargeur totale du benne basculante (mm) 865<br \/>\nLargeur de l?entr\u00e9e de fourches (dimension int\u00e9rieure) (mm) 230<br \/>\nLargeur entre les 2 entr\u00e9es de fourches W3 (mm) 160<br \/>\nLongueur totale du benne basculant (mm) 1525<br \/>\nContenu (L) 520<br \/>\nCapacit\u00e9 de charge (kg) 2000<br \/>\nType du syst\u00e8me de d\u00e9verrouillage manuel + butoir pour auto\u00e9puration<br \/>\nMat\u00e9riel du benne basculante acier<br \/>\nPoids (kg) 101<\/p>\n","protected":false},"excerpt":{"rendered":"<p>Benne Basculante fixe enfourchable, d\u00e9verrouillage manuel.<\/p>\n<p>R\u00e9f. 000035 &#8211; Contenance 520 L &#8211; Capacite 2000 Kg.<br \/>\n<span style=\"color: #800000;\"><strong>AUTRES MODELES SUR DEMANDE<\/strong><\/span><br \/>\n<img loading=\"lazy\" decoding=\"async\" class=\"rsdb_etoiles alignnone size-full wp-image-133\" src=\"https:\/\/lechariotelevateur.fr\/site\/wp-content\/uploads\/2017\/04\/etoiles-etat-5-5.png\" alt=\"\" width=\"117\" height=\"20\" \/><\/p>\n","protected":false},"featured_media":592,"comment_status":"open","ping_status":"closed","template":"","meta":[],"product_brand":[],"product_cat":[11,80],"product_tag":[],"class_list":{"0":"post-591","1":"product","2":"type-product","3":"status-publish","4":"has-post-thumbnail","6":"product_cat-accessoires-materiels-manutention","7":"product_cat-equipements-magasin","8":"pa_capacite-cap-0-a-1","9":"pa_energie-manuel","10":"pa_hauteur-de-levee-levee-0-a-1","11":"pa_neuf-occasion-neuf","12":"pa_pneus-pneus-bandage","14":"first","15":"instock","16":"taxable","17":"shipping-taxable","18":"purchasable","19":"product-type-simple"},"_links":{"self":[{"href":"https:\/\/lechariotelevateur.fr\/site\/wp-json\/wp\/v2\/product\/591","targetHints":{"allow":["GET"]}}],"collection":[{"href":"https:\/\/lechariotelevateur.fr\/site\/wp-json\/wp\/v2\/product"}],"about":[{"href":"https:\/\/lechariotelevateur.fr\/site\/wp-json\/wp\/v2\/types\/product"}],"replies":[{"embeddable":true,"href":"https:\/\/lechariotelevateur.fr\/site\/wp-json\/wp\/v2\/comments?post=591"}],"wp:featuredmedia":[{"embeddable":true,"href":"https:\/\/lechariotelevateur.fr\/site\/wp-json\/wp\/v2\/media\/592"}],"wp:attachment":[{"href":"https:\/\/lechariotelevateur.fr\/site\/wp-json\/wp\/v2\/media?parent=591"}],"wp:term":[{"taxonomy":"product_brand","embeddable":true,"href":"https:\/\/lechariotelevateur.fr\/site\/wp-json\/wp\/v2\/product_brand?post=591"},{"taxonomy":"product_cat","embeddable":true,"href":"https:\/\/lechariotelevateur.fr\/site\/wp-json\/wp\/v2\/product_cat?post=591"},{"taxonomy":"product_tag","embeddable":true,"href":"https:\/\/lechariotelevateur.fr\/site\/wp-json\/wp\/v2\/product_tag?post=591"}],"curies":[{"name":"wp","href":"https:\/\/api.w.org\/{rel}","templated":true}]}}