{"id":588,"date":"2017-05-24T08:44:29","date_gmt":"2017-05-24T08:44:29","guid":{"rendered":"http:\/\/lechariotelevateur.fr\/site\/?post_type=product&#038;p=588"},"modified":"2017-05-24T09:04:02","modified_gmt":"2017-05-24T09:04:02","slug":"lame-chasse-neige","status":"publish","type":"product","link":"https:\/\/lechariotelevateur.fr\/site\/nos-machines\/pieces-detachees\/equipement-atelier-magasin\/equipements-atelier-outils\/accessoires-materiels-manutention\/lame-chasse-neige\/","title":{"rendered":"LAME CHASSE NEIGE"},"content":{"rendered":"<p>Type de lame chasse neige chasse-neige non r\u00e9glable<br \/>\nType de r\u00e9glage droite 30\u00b0<br \/>\nType de lame lame d\u2019usure en caoutchouc<br \/>\nLargeur totale W1 (mm) 1800<br \/>\nLargeur de l&rsquo;entr\u00e9e des fourches W2 (mm) 190<br \/>\nHauteur totale H1 (mm) 500<br \/>\nHauteur de l&rsquo;entr\u00e9e des fourches H2 (mm) 70<br \/>\nDistance entre fourches L2 (mm) 620<br \/>\nCouleur rouge<br \/>\nSurface utile \u00e9gal et in\u00e9gal<br \/>\nChaine pr\u00e9sente OUI<br \/>\nPoids (kg) 160<\/p>\n","protected":false},"excerpt":{"rendered":"<p>Type de lame chasse neige chasse-neige non r\u00e9glable, manipulation l\u00e9g\u00e8re et facile.<\/p>\n<p>R\u00e9f. 000034 &#8211; lame d\u2019usure en caoutchouc &#8211; Dimension 1800 x 500 mm.<br \/>\n<span style=\"color: #800000;\"><strong>AUTRES MODELES SUR DEMANDE<\/strong><\/span><br \/>\n<img loading=\"lazy\" class=\"rsdb_etoiles alignnone size-full wp-image-133\" src=\"https:\/\/lechariotelevateur.fr\/site\/wp-content\/uploads\/2017\/04\/etoiles-etat-5-5.png\" alt=\"\" width=\"117\" height=\"20\" \/><\/p>\n","protected":false},"featured_media":589,"comment_status":"open","ping_status":"closed","template":"","meta":[],"product_cat":[11,80],"product_tag":[],"_links":{"self":[{"href":"https:\/\/lechariotelevateur.fr\/site\/wp-json\/wp\/v2\/product\/588"}],"collection":[{"href":"https:\/\/lechariotelevateur.fr\/site\/wp-json\/wp\/v2\/product"}],"about":[{"href":"https:\/\/lechariotelevateur.fr\/site\/wp-json\/wp\/v2\/types\/product"}],"replies":[{"embeddable":true,"href":"https:\/\/lechariotelevateur.fr\/site\/wp-json\/wp\/v2\/comments?post=588"}],"wp:featuredmedia":[{"embeddable":true,"href":"https:\/\/lechariotelevateur.fr\/site\/wp-json\/wp\/v2\/media\/589"}],"wp:attachment":[{"href":"https:\/\/lechariotelevateur.fr\/site\/wp-json\/wp\/v2\/media?parent=588"}],"wp:term":[{"taxonomy":"product_cat","embeddable":true,"href":"https:\/\/lechariotelevateur.fr\/site\/wp-json\/wp\/v2\/product_cat?post=588"},{"taxonomy":"product_tag","embeddable":true,"href":"https:\/\/lechariotelevateur.fr\/site\/wp-json\/wp\/v2\/product_tag?post=588"}],"curies":[{"name":"wp","href":"https:\/\/api.w.org\/{rel}","templated":true}]}}