{"id":544,"date":"2017-05-16T15:25:29","date_gmt":"2017-05-16T15:25:29","guid":{"rendered":"http:\/\/lechariotelevateur.fr\/site\/?post_type=product&#038;p=544"},"modified":"2017-05-24T10:28:41","modified_gmt":"2017-05-24T10:28:41","slug":"protege-pluie-pvc","status":"publish","type":"product","link":"https:\/\/lechariotelevateur.fr\/site\/nos-machines\/pieces-detachees\/equipement-atelier-magasin\/equipements-atelier-outils\/accessoires-materiels-manutention\/protege-pluie-pvc\/","title":{"rendered":"PROTEGE PLUIE PVC"},"content":{"rendered":"<p>Pour l&rsquo;installation des pi\u00e8ces ou accessoires, nous pouvons proposer des <strong>interventions sur toute la France<\/strong> par le biais de nos partenaires locaux au sein de notre r\u00e9seau, qui se chargent de l&rsquo;entretien et de la maintenance de notre parc chariots \u00e9l\u00e9vateurs et de mat\u00e9riels de manutention.<\/p>\n<p>Afin de pouvoir r\u00e9pondre \u00e0 100 % des demandes de nos clients, nous travaillons aussi avec des <strong>partenaires nationaux<\/strong> ce qui nous permet d&rsquo;apporter une r\u00e9ponse \u00e0 chaque demande, et ce, partout en France.<\/p>\n<p>&nbsp;<\/p>\n","protected":false},"excerpt":{"rendered":"<p>adaptable sur tout type de chariots \u00e9l\u00e9vateurs, allant jusqu&rsquo;a 3 T<\/p>\n<p><strong><br \/>\n<\/strong>R\u00e9f. 000043<br \/>\n<span style=\"color: #800000;\"><strong>AUTRES DIMENSION SUR DEMANDE<\/strong><\/span><br \/>\n<img loading=\"lazy\" class=\"rsdb_etoiles alignnone size-full wp-image-133\" src=\"https:\/\/lechariotelevateur.fr\/site\/wp-content\/uploads\/2017\/04\/etoiles-etat-5-5.png\" alt=\"\" width=\"117\" height=\"20\" \/><\/p>\n","protected":false},"featured_media":545,"comment_status":"open","ping_status":"closed","template":"","meta":[],"product_cat":[11],"product_tag":[],"_links":{"self":[{"href":"https:\/\/lechariotelevateur.fr\/site\/wp-json\/wp\/v2\/product\/544"}],"collection":[{"href":"https:\/\/lechariotelevateur.fr\/site\/wp-json\/wp\/v2\/product"}],"about":[{"href":"https:\/\/lechariotelevateur.fr\/site\/wp-json\/wp\/v2\/types\/product"}],"replies":[{"embeddable":true,"href":"https:\/\/lechariotelevateur.fr\/site\/wp-json\/wp\/v2\/comments?post=544"}],"wp:featuredmedia":[{"embeddable":true,"href":"https:\/\/lechariotelevateur.fr\/site\/wp-json\/wp\/v2\/media\/545"}],"wp:attachment":[{"href":"https:\/\/lechariotelevateur.fr\/site\/wp-json\/wp\/v2\/media?parent=544"}],"wp:term":[{"taxonomy":"product_cat","embeddable":true,"href":"https:\/\/lechariotelevateur.fr\/site\/wp-json\/wp\/v2\/product_cat?post=544"},{"taxonomy":"product_tag","embeddable":true,"href":"https:\/\/lechariotelevateur.fr\/site\/wp-json\/wp\/v2\/product_tag?post=544"}],"curies":[{"name":"wp","href":"https:\/\/api.w.org\/{rel}","templated":true}]}}