{"id":538,"date":"2017-05-16T12:40:22","date_gmt":"2017-05-16T12:40:22","guid":{"rendered":"http:\/\/lechariotelevateur.fr\/site\/?post_type=product&#038;p=538"},"modified":"2017-05-16T12:52:34","modified_gmt":"2017-05-16T12:52:34","slug":"table-elevatrice-manuelle-300-kg","status":"publish","type":"product","link":"https:\/\/lechariotelevateur.fr\/site\/nos-machines\/pieces-detachees\/equipement-atelier-magasin\/equipements-magasin\/table-elevatrice-manuelle-300-kg\/","title":{"rendered":"TABLE ELEVATRICE MANUELLE 300 KG"},"content":{"rendered":"<table class=\"transparant\">\n<tbody>\n<tr>\n<th class=\"alignLeft\" title=\"TY-CONT\">Type de commande<\/th>\n<td>manuelle<\/td>\n<\/tr>\n<tr>\n<th class=\"alignLeft\" title=\"TY-HDL\">Type de poign\u00e9e<\/th>\n<td>pliable poign\u00e9e<\/td>\n<\/tr>\n<tr>\n<th class=\"alignLeft\" title=\"LOAD\">Capacit\u00e9 de charge (kg)<\/th>\n<td>300<\/td>\n<\/tr>\n<tr>\n<th class=\"alignLeft\" title=\"H1\">Hauteur de levage (mm)<\/th>\n<td>880<\/td>\n<\/tr>\n<tr>\n<th class=\"alignLeft\" title=\"H2\">Hauteur maximale (mm)<\/th>\n<td>990<\/td>\n<\/tr>\n<tr>\n<th class=\"alignLeft\" title=\"H3\">Hauteur minimale (mm)<\/th>\n<td>340<\/td>\n<\/tr>\n<tr>\n<th class=\"alignLeft\" title=\"L1\">Longueur total de table elevatrice (mm)<\/th>\n<td>1070<\/td>\n<\/tr>\n<tr>\n<th class=\"alignLeft\" title=\"L2\">Longueur de table elevatrice (mm)<\/th>\n<td>850<\/td>\n<\/tr>\n<tr>\n<th class=\"alignLeft\" title=\"W1\">Largeur totale de table elevatrice (mm)<\/th>\n<td>500<\/td>\n<\/tr>\n<tr>\n<th class=\"alignLeft\" title=\"W2\">Largeur de la plateform (mm)<\/th>\n<td>500<\/td>\n<\/tr>\n<tr>\n<th class=\"alignLeft\" title=\"MAT\">Materi\u00e9le de table elevatrice<\/th>\n<td>acier<\/td>\n<\/tr>\n<tr>\n<th class=\"alignLeft\" title=\"FOOT\">Frein \u00e0 pied<\/th>\n<td>OUI<\/td>\n<\/tr>\n<tr>\n<th class=\"alignLeft\" title=\"MODEL\"><\/th>\n<td><\/td>\n<\/tr>\n<tr>\n<th class=\"alignLeft\" title=\"G\">Poids (kg)<\/th>\n<td>77<\/td>\n<\/tr>\n<\/tbody>\n<\/table>\n","protected":false},"excerpt":{"rendered":"<p>Outil indispensable de manutention avec mises \u00e0 niveaux. Maniable, l\u00e9g\u00e8re, elle offre aux op\u00e9rateurs la possibilit\u00e9 d&rsquo;am\u00e9nager leurs postes de travail de mani\u00e8re ergonomique.<\/p>\n<p>R\u00e9f. TABMAN300 &#8211; Capacit\u00e9 maximum 300 KG &#8211; plateau 850 x 500 mm.<br \/>\n<span style=\"color: #800000;\"><strong>AUTRES MODELES SUR DEMANDE<\/strong><\/span><br \/>\n<img loading=\"lazy\" class=\"rsdb_etoiles alignnone size-full wp-image-133\" src=\"https:\/\/lechariotelevateur.fr\/site\/wp-content\/uploads\/2017\/04\/etoiles-etat-5-5.png\" alt=\"\" width=\"117\" height=\"20\" \/><\/p>\n","protected":false},"featured_media":539,"comment_status":"open","ping_status":"closed","template":"","meta":[],"product_cat":[80],"product_tag":[],"_links":{"self":[{"href":"https:\/\/lechariotelevateur.fr\/site\/wp-json\/wp\/v2\/product\/538"}],"collection":[{"href":"https:\/\/lechariotelevateur.fr\/site\/wp-json\/wp\/v2\/product"}],"about":[{"href":"https:\/\/lechariotelevateur.fr\/site\/wp-json\/wp\/v2\/types\/product"}],"replies":[{"embeddable":true,"href":"https:\/\/lechariotelevateur.fr\/site\/wp-json\/wp\/v2\/comments?post=538"}],"wp:featuredmedia":[{"embeddable":true,"href":"https:\/\/lechariotelevateur.fr\/site\/wp-json\/wp\/v2\/media\/539"}],"wp:attachment":[{"href":"https:\/\/lechariotelevateur.fr\/site\/wp-json\/wp\/v2\/media?parent=538"}],"wp:term":[{"taxonomy":"product_cat","embeddable":true,"href":"https:\/\/lechariotelevateur.fr\/site\/wp-json\/wp\/v2\/product_cat?post=538"},{"taxonomy":"product_tag","embeddable":true,"href":"https:\/\/lechariotelevateur.fr\/site\/wp-json\/wp\/v2\/product_tag?post=538"}],"curies":[{"name":"wp","href":"https:\/\/api.w.org\/{rel}","templated":true}]}}