{"id":536,"date":"2017-05-16T12:14:06","date_gmt":"2017-05-16T12:14:06","guid":{"rendered":"http:\/\/lechariotelevateur.fr\/site\/?post_type=product&#038;p=536"},"modified":"2017-05-24T10:07:56","modified_gmt":"2017-05-24T10:07:56","slug":"paire-de-fourches-2a-1200-mm","status":"publish","type":"product","link":"https:\/\/lechariotelevateur.fr\/site\/nos-machines\/pieces-detachees\/fourches-mats-equipements\/fourches-rallonges\/paire-de-fourches-2a-1200-mm\/","title":{"rendered":"PAIRE DE FOURCHES 2A 1200 MM"},"content":{"rendered":"<p>Vos machines sont mont\u00e9s par des constructeurs. Ils utilisent des pi\u00e8ces fabriqu\u00e9es par des \u00e9quipementiers appel\u00e9es \u00ab <strong>pi\u00e8ces d&rsquo;origine<\/strong> \u00bb. Nous commercialisont des pi\u00e8ces d&rsquo;origine neuves en provenance des plus grands \u00e9quipementiers.<\/p>\n<p>Pour l&rsquo;installation des pi\u00e8ces ou accessoires, nous pouvons proposer des <strong>interventions sur toute la France<\/strong> par le biais de nos partenaires locaux au sein de notre r\u00e9seau, qui se chargent de l&rsquo;entretien et de la maintenance de notre parc chariots \u00e9l\u00e9vateurs et de mat\u00e9riels de manutention.<\/p>\n<p>Afin de pouvoir r\u00e9pondre \u00e0 100 % des demandes de nos clients, nous travaillons aussi avec des <strong>partenaires nationaux<\/strong> ce qui nous permet d&rsquo;apporter une r\u00e9ponse \u00e0 chaque demande, et ce, partout en France.<\/p>\n<p>&nbsp;<\/p>\n","protected":false},"excerpt":{"rendered":"<p>fourches pour chariot \u00e9l\u00e9vateur<strong><br \/>\n<\/strong>Fourche acier cat\u00e9gorie FEM pour manutention de palettes.<\/p>\n<p>R\u00e9f. 000037 &#8211; Capacit\u00e9 maximum 2.5 Tonnes &#8211;\u00a0section 1200 x 100 x 40.<br \/>\n<span style=\"color: #800000;\"><strong>AUTRES DIMENSION SUR DEMANDE<\/strong><\/span><br \/>\n<img loading=\"lazy\" class=\"rsdb_etoiles alignnone size-full wp-image-133\" src=\"https:\/\/lechariotelevateur.fr\/site\/wp-content\/uploads\/2017\/04\/etoiles-etat-5-5.png\" alt=\"\" width=\"117\" height=\"20\" \/><\/p>\n","protected":false},"featured_media":537,"comment_status":"open","ping_status":"closed","template":"","meta":[],"product_cat":[97],"product_tag":[],"_links":{"self":[{"href":"https:\/\/lechariotelevateur.fr\/site\/wp-json\/wp\/v2\/product\/536"}],"collection":[{"href":"https:\/\/lechariotelevateur.fr\/site\/wp-json\/wp\/v2\/product"}],"about":[{"href":"https:\/\/lechariotelevateur.fr\/site\/wp-json\/wp\/v2\/types\/product"}],"replies":[{"embeddable":true,"href":"https:\/\/lechariotelevateur.fr\/site\/wp-json\/wp\/v2\/comments?post=536"}],"wp:featuredmedia":[{"embeddable":true,"href":"https:\/\/lechariotelevateur.fr\/site\/wp-json\/wp\/v2\/media\/537"}],"wp:attachment":[{"href":"https:\/\/lechariotelevateur.fr\/site\/wp-json\/wp\/v2\/media?parent=536"}],"wp:term":[{"taxonomy":"product_cat","embeddable":true,"href":"https:\/\/lechariotelevateur.fr\/site\/wp-json\/wp\/v2\/product_cat?post=536"},{"taxonomy":"product_tag","embeddable":true,"href":"https:\/\/lechariotelevateur.fr\/site\/wp-json\/wp\/v2\/product_tag?post=536"}],"curies":[{"name":"wp","href":"https:\/\/api.w.org\/{rel}","templated":true}]}}