{"id":3230,"date":"2026-05-15T13:47:55","date_gmt":"2026-05-15T13:47:55","guid":{"rendered":"https:\/\/lechariotelevateur.fr\/site\/?post_type=product&#038;p=3230"},"modified":"2026-05-15T13:47:55","modified_gmt":"2026-05-15T13:47:55","slug":"nacelle-ciseaux-electrique-haulotte-compact-12m-reconditionnee","status":"publish","type":"product","link":"https:\/\/lechariotelevateur.fr\/site\/nos-machines\/autres\/nacelle-ciseaux-electrique-haulotte-compact-12m-reconditionnee\/","title":{"rendered":"Nacelle ciseaux \u00e9lectrique Haulotte Compact 12m reconditionn\u00e9e"},"content":{"rendered":"<div class=\"qMYqUG_convSearchResultHighlightRoot\">\n<div class=\"\" data-turn-id-container=\"request-6a042402-9798-83eb-b004-38221240ebe0-6\" data-is-intersecting=\"true\">\n<div class=\"relative w-full overflow-visible\">\n<section class=\"text-token-text-primary w-full focus:outline-none has-data-writing-block:pointer-events-none [&amp;:has([data-writing-block])&gt;*]:pointer-events-auto R6Vx5W_threadScrollVars scroll-mb-[calc(var(--scroll-root-safe-area-inset-bottom,0px)+var(--thread-response-height))] scroll-mt-[calc(var(--header-height)+min(200px,max(70px,20svh)))]\" dir=\"auto\" data-turn-id=\"request-6a042402-9798-83eb-b004-38221240ebe0-6\" data-turn-id-container=\"request-6a042402-9798-83eb-b004-38221240ebe0-6\" data-testid=\"conversation-turn-46\" data-scroll-anchor=\"false\" data-turn=\"assistant\">\n<div class=\"text-base my-auto mx-auto pb-10 [--thread-content-margin:var(--thread-content-margin-xs,calc(var(--spacing)*4))] @w-sm\/main:[--thread-content-margin:var(--thread-content-margin-sm,calc(var(--spacing)*6))] @w-lg\/main:[--thread-content-margin:var(--thread-content-margin-lg,calc(var(--spacing)*16))] px-(--thread-content-margin)\">\n<div class=\"[--thread-content-max-width:40rem] @w-lg\/main:[--thread-content-max-width:48rem] mx-auto max-w-(--thread-content-max-width) flex-1 group\/turn-messages focus-visible:outline-hidden relative flex w-full min-w-0 flex-col agent-turn\">\n<div class=\"flex max-w-full flex-col gap-4 grow\">\n<div class=\"min-h-8 text-message relative flex w-full flex-col items-end gap-2 text-start break-words whitespace-normal outline-none keyboard-focused:focus-ring [.text-message+&amp;]:mt-1\" dir=\"auto\" data-message-author-role=\"assistant\" data-message-id=\"1a5538a3-9fe6-4de1-b687-7254eadf74db\" data-message-model-slug=\"gpt-5-5\" data-turn-start-message=\"true\">\n<div class=\"flex w-full flex-col gap-1 empty:hidden\">\n<div class=\"markdown prose dark:prose-invert wrap-break-word w-full light markdown-new-styling\">\n<p data-start=\"544\" data-end=\"891\">Nacelle ciseaux \u00e9lectrique Haulotte Compact 12 occasion reconditionn\u00e9e con\u00e7ue pour les travaux en hauteur n\u00e9cessitant s\u00e9curit\u00e9, stabilit\u00e9 et maniabilit\u00e9. Gr\u00e2ce \u00e0 sa hauteur de travail de 12 m\u00e8tres et sa motorisation \u00e9lectrique silencieuse, cette nacelle est parfaitement adapt\u00e9e aux interventions en int\u00e9rieur et aux environnements professionnels.<\/p>\n<p data-start=\"893\" data-end=\"1058\">\u00c9quip\u00e9e de batteries r\u00e9centes de 2023, cette plateforme \u00e9l\u00e9vatrice offre une solution performante pour les travaux de maintenance, d\u2019installation et de second \u0153uvre.<\/p>\n<h2 data-start=\"1060\" data-end=\"1072\">POINTS FORTS<\/h2>\n<p data-start=\"1074\" data-end=\"1282\">Hauteur de travail 12 m<br data-start=\"1097\" data-end=\"1100\" \/>Machine compacte et maniable<br data-start=\"1128\" data-end=\"1131\" \/>Motorisation \u00e9lectrique silencieuse<br data-start=\"1166\" data-end=\"1169\" \/>Batteries r\u00e9centes 2023<br data-start=\"1192\" data-end=\"1195\" \/>Bonne stabilit\u00e9 en \u00e9l\u00e9vation<br data-start=\"1223\" data-end=\"1226\" \/>Plateforme spacieuse<br data-start=\"1246\" data-end=\"1249\" \/>D\u00e9placement facile sur chantier<\/p>\n<h2 data-start=\"1284\" data-end=\"1293\">AVANTAGES<\/h2>\n<p data-start=\"1295\" data-end=\"1502\">Solution id\u00e9ale pour travaux en int\u00e9rieur<br data-start=\"1336\" data-end=\"1339\" \/>Faible niveau sonore en fonctionnement<br data-start=\"1377\" data-end=\"1380\" \/>Machine adapt\u00e9e aux espaces restreints<br data-start=\"1418\" data-end=\"1421\" \/>Maintenance simplifi\u00e9e<br data-start=\"1443\" data-end=\"1446\" \/>Mat\u00e9riel r\u00e9vis\u00e9 pr\u00eat \u00e0 l\u2019utilisation<br data-start=\"1482\" data-end=\"1485\" \/>Chargeur inclus<\/p>\n<h2 data-start=\"1504\" data-end=\"1522\">UTILISATION ID\u00c9ALE<\/h2>\n<p data-start=\"1524\" data-end=\"1613\">Maintenance<br data-start=\"1535\" data-end=\"1538\" \/>Travaux \u00e9lectriques<br data-start=\"1557\" data-end=\"1560\" \/>Second \u0153uvre<br data-start=\"1572\" data-end=\"1575\" \/>Entrep\u00f4ts<br data-start=\"1584\" data-end=\"1587\" \/>Chantiers professionnels<\/p>\n<p data-start=\"1615\" data-end=\"1697\">Nacelle ciseaux \u00e9quivalente aux marques :<br data-start=\"1656\" data-end=\"1659\" \/>#GENIE #JLG #SKYJACK #UPRIGHT #MANITOU<\/p>\n<h2 data-start=\"1699\" data-end=\"1725\">Pourquoi choisir Taurand :<\/h2>\n<p data-start=\"1727\" data-end=\"1940\">Entreprise bas\u00e9e dans le Val d\u2019Oise (95) depuis plus de 30 ans<br data-start=\"1789\" data-end=\"1792\" \/>Sp\u00e9cialiste du mat\u00e9riel de manutention<br data-start=\"1830\" data-end=\"1833\" \/>Service apr\u00e8s-vente en atelier et sur site<br data-start=\"1875\" data-end=\"1878\" \/>Disponibilit\u00e9 rapide des pi\u00e8ces<br data-start=\"1909\" data-end=\"1912\" \/>\u00c9quipe technique en France<\/p>\n<h2 data-start=\"1942\" data-end=\"1977\">NOTRE PRESTATION A L\u2019ACHAT INCLUT :<\/h2>\n<p data-start=\"1979\" data-end=\"2066\">MAT\u00c9RIEL R\u00c9VIS\u00c9<br data-start=\"1994\" data-end=\"1997\" \/>GARANTIE<br data-start=\"2005\" data-end=\"2008\" \/>LIVRAISON POSSIBLE DANS TOUTE LA FRANCE<br data-start=\"2047\" data-end=\"2050\" \/>VGP<br data-start=\"2053\" data-end=\"2056\" \/>PEINTURE<\/p>\n<p data-start=\"2068\" data-end=\"2161\">Contactez-nous d\u00e8s maintenant pour plus d\u2019informations ou pour obtenir un devis personnalis\u00e9.<\/p>\n<p data-start=\"2163\" data-end=\"2254\">Toutes nos machines sont r\u00e9vis\u00e9es et garanties, et certifi\u00e9es par un organisme ind\u00e9pendant.<\/p>\n<p data-start=\"2256\" data-end=\"2447\" data-is-last-node=\"\" data-is-only-node=\"\">Quatre niveaux de finition sont disponibles :<br data-start=\"2301\" data-end=\"2304\" \/>\u2605\u2605 : Machine r\u00e9vis\u00e9e<br data-start=\"2324\" data-end=\"2327\" \/>\u2605\u2605\u2605 : Machine r\u00e9vis\u00e9e et en bon \u00e9tat (voile ou peinture partiel)<br data-start=\"2391\" data-end=\"2394\" \/>\u2605\u2605\u2605\u2605 : Machine reconditionn\u00e9e<br data-start=\"2423\" data-end=\"2426\" \/>\u2605\u2605\u2605\u2605\u2605 : Machine neuve<\/p>\n<\/div>\n<\/div>\n<\/div>\n<\/div>\n<div class=\"z-0 flex min-h-[46px] justify-start\"><\/div>\n<div class=\"mt-3 w-full empty:hidden\">\n<div class=\"text-center\"><\/div>\n<\/div>\n<\/div>\n<\/div>\n<\/section>\n<div class=\"contents\"><\/div>\n<\/div>\n<\/div>\n<\/div>\n<div class=\"pointer-events-none -mt-px h-px translate-y-[calc(var(--scroll-root-safe-area-inset-bottom)-14*var(--spacing))]\" aria-hidden=\"true\"><\/div>\n","protected":false},"excerpt":{"rendered":"<p><strong>REF<\/strong> : 4577<\/p>\n<p><strong>ETAT<\/strong> : Occasion reconditionn\u00e9<\/p>\n<p><strong>MARQUE<\/strong> : Haulotte<\/p>\n<p><strong>MODELE<\/strong> : Compact 12<\/p>\n<p><strong>HAUTEUR DE TRAVAIL<\/strong> : 12000 mm (12,00 m)<\/p>\n<p><strong>ANN\u00c9E<\/strong> : 2003<\/p>\n<p><strong>\u00c9NERGIE<\/strong> : \u00c9lectrique<\/p>\n<p><strong>\u00c9QUIPEMENTS<\/strong> : Batteries 2023, chargeur inclus<\/p>\n<p><strong>CONFORT<\/strong> : Plateforme spacieuse, commandes simples et pr\u00e9cises<\/p>\n","protected":false},"featured_media":3231,"comment_status":"open","ping_status":"closed","template":"","meta":[],"product_brand":[],"product_cat":[64],"product_tag":[],"class_list":{"0":"post-3230","1":"product","2":"type-product","3":"status-publish","4":"has-post-thumbnail","6":"product_cat-autres","8":"first","9":"instock","10":"sale","11":"taxable","12":"shipping-taxable","13":"purchasable","14":"product-type-simple"},"_links":{"self":[{"href":"https:\/\/lechariotelevateur.fr\/site\/wp-json\/wp\/v2\/product\/3230","targetHints":{"allow":["GET"]}}],"collection":[{"href":"https:\/\/lechariotelevateur.fr\/site\/wp-json\/wp\/v2\/product"}],"about":[{"href":"https:\/\/lechariotelevateur.fr\/site\/wp-json\/wp\/v2\/types\/product"}],"replies":[{"embeddable":true,"href":"https:\/\/lechariotelevateur.fr\/site\/wp-json\/wp\/v2\/comments?post=3230"}],"wp:featuredmedia":[{"embeddable":true,"href":"https:\/\/lechariotelevateur.fr\/site\/wp-json\/wp\/v2\/media\/3231"}],"wp:attachment":[{"href":"https:\/\/lechariotelevateur.fr\/site\/wp-json\/wp\/v2\/media?parent=3230"}],"wp:term":[{"taxonomy":"product_brand","embeddable":true,"href":"https:\/\/lechariotelevateur.fr\/site\/wp-json\/wp\/v2\/product_brand?post=3230"},{"taxonomy":"product_cat","embeddable":true,"href":"https:\/\/lechariotelevateur.fr\/site\/wp-json\/wp\/v2\/product_cat?post=3230"},{"taxonomy":"product_tag","embeddable":true,"href":"https:\/\/lechariotelevateur.fr\/site\/wp-json\/wp\/v2\/product_tag?post=3230"}],"curies":[{"name":"wp","href":"https:\/\/api.w.org\/{rel}","templated":true}]}}