{"id":3228,"date":"2026-05-15T13:30:11","date_gmt":"2026-05-15T13:30:11","guid":{"rendered":"https:\/\/lechariotelevateur.fr\/site\/?post_type=product&#038;p=3228"},"modified":"2026-05-15T13:37:16","modified_gmt":"2026-05-15T13:37:16","slug":"gerbeur-electrique-autoporte-fenwick-l12l-duplex-192-m","status":"publish","type":"product","link":"https:\/\/lechariotelevateur.fr\/site\/nos-machines\/gerbeurs-electriques\/gerbeur-electrique-autoporte-fenwick-l12l-duplex-192-m\/","title":{"rendered":"Gerbeur \u00e9lectrique autoport\u00e9 Fenwick L12L duplex 1,92 m"},"content":{"rendered":"<div class=\"qMYqUG_convSearchResultHighlightRoot\">\n<div class=\"\" data-turn-id-container=\"request-6a042402-9798-83eb-b004-38221240ebe0-4\" data-is-intersecting=\"true\">\n<div class=\"relative w-full overflow-visible\">\n<section class=\"text-token-text-primary w-full focus:outline-none has-data-writing-block:pointer-events-none [&amp;:has([data-writing-block])&gt;*]:pointer-events-auto R6Vx5W_threadScrollVars scroll-mb-[calc(var(--scroll-root-safe-area-inset-bottom,0px)+var(--thread-response-height))] scroll-mt-[calc(var(--header-height)+min(200px,max(70px,20svh)))]\" dir=\"auto\" data-turn-id=\"request-6a042402-9798-83eb-b004-38221240ebe0-4\" data-turn-id-container=\"request-6a042402-9798-83eb-b004-38221240ebe0-4\" data-testid=\"conversation-turn-42\" data-scroll-anchor=\"false\" data-turn=\"assistant\">\n<div class=\"text-base my-auto mx-auto pb-10 [--thread-content-margin:var(--thread-content-margin-xs,calc(var(--spacing)*4))] @w-sm\/main:[--thread-content-margin:var(--thread-content-margin-sm,calc(var(--spacing)*6))] @w-lg\/main:[--thread-content-margin:var(--thread-content-margin-lg,calc(var(--spacing)*16))] px-(--thread-content-margin)\">\n<div class=\"[--thread-content-max-width:40rem] @w-lg\/main:[--thread-content-max-width:48rem] mx-auto max-w-(--thread-content-max-width) flex-1 group\/turn-messages focus-visible:outline-hidden relative flex w-full min-w-0 flex-col agent-turn\">\n<div class=\"flex max-w-full flex-col gap-4 grow\">\n<div class=\"min-h-8 text-message relative flex w-full flex-col items-end gap-2 text-start break-words whitespace-normal outline-none keyboard-focused:focus-ring [.text-message+&amp;]:mt-1\" dir=\"auto\" data-message-author-role=\"assistant\" data-message-id=\"7aa97266-23f5-4c43-9b21-a687619e65ee\" data-message-model-slug=\"gpt-5-5\" data-turn-start-message=\"true\">\n<div class=\"flex w-full flex-col gap-1 empty:hidden\">\n<div class=\"markdown prose dark:prose-invert wrap-break-word w-full light markdown-new-styling\">\n<p data-start=\"561\" data-end=\"850\">Gerbeur duplex autoport\u00e9 \u00e9lectrique Fenwick L12L occasion reconditionn\u00e9e con\u00e7u pour les op\u00e9rations de manutention, stockage et pr\u00e9paration de commandes en environnement logistique. Compact et maniable, ce gerbeur \u00e9lectrique offre un excellent confort d\u2019utilisation pour les professionnels.<\/p>\n<p data-start=\"852\" data-end=\"1014\">Gr\u00e2ce \u00e0 son m\u00e2t duplex avec hauteur de lev\u00e9e de 1,92 m et sa lev\u00e9e initiale, il s\u2019adapte parfaitement aux entrep\u00f4ts, zones de stockage et plateformes logistiques.<\/p>\n<h2 data-start=\"1016\" data-end=\"1028\">POINTS FORTS<\/h2>\n<p data-start=\"1030\" data-end=\"1236\">Gerbeur compact et performant<br data-start=\"1059\" data-end=\"1062\" \/>Excellente maniabilit\u00e9<br data-start=\"1084\" data-end=\"1087\" \/>Motorisation \u00e9lectrique silencieuse<br data-start=\"1122\" data-end=\"1125\" \/>D\u00e9placement autoport\u00e9 confortable<br data-start=\"1158\" data-end=\"1161\" \/>Lev\u00e9e stable et pr\u00e9cise<br data-start=\"1184\" data-end=\"1187\" \/>Id\u00e9al pour espaces r\u00e9duits<br data-start=\"1213\" data-end=\"1216\" \/>Entretien facilit\u00e9<\/p>\n<h2 data-start=\"1238\" data-end=\"1247\">AVANTAGES<\/h2>\n<p data-start=\"1249\" data-end=\"1503\">Solution adapt\u00e9e aux travaux de manutention quotidiens<br data-start=\"1303\" data-end=\"1306\" \/>Conduite ergonomique pour l\u2019op\u00e9rateur<br data-start=\"1343\" data-end=\"1346\" \/>Machine compacte pour circulation en entrep\u00f4t<br data-start=\"1391\" data-end=\"1394\" \/>Batterie et chargeur inclus<br data-start=\"1421\" data-end=\"1424\" \/>Mat\u00e9riel r\u00e9vis\u00e9 pr\u00eat \u00e0 l\u2019utilisation<br data-start=\"1460\" data-end=\"1463\" \/>Faible niveau sonore en fonctionnement<\/p>\n<h2 data-start=\"1505\" data-end=\"1523\">UTILISATION ID\u00c9ALE<\/h2>\n<p data-start=\"1525\" data-end=\"1645\">Stockage<br data-start=\"1533\" data-end=\"1536\" \/>Pr\u00e9paration de commandes<br data-start=\"1560\" data-end=\"1563\" \/>Chargement \/ d\u00e9chargement<br data-start=\"1588\" data-end=\"1591\" \/>Entrep\u00f4ts<br data-start=\"1600\" data-end=\"1603\" \/>Logistique<br data-start=\"1613\" data-end=\"1616\" \/>Manutention professionnelle<\/p>\n<p data-start=\"1647\" data-end=\"1728\">Gerbeur duplex \u00e9quivalent aux marques :<br data-start=\"1686\" data-end=\"1689\" \/>#LINDE #STILL #JUNGHEINRICH #TOYOTA #BT<\/p>\n<h2 data-start=\"1730\" data-end=\"1756\">Pourquoi choisir Taurand :<\/h2>\n<p data-start=\"1758\" data-end=\"1971\">Entreprise bas\u00e9e dans le Val d\u2019Oise (95) depuis plus de 30 ans<br data-start=\"1820\" data-end=\"1823\" \/>Sp\u00e9cialiste du mat\u00e9riel de manutention<br data-start=\"1861\" data-end=\"1864\" \/>Service apr\u00e8s-vente en atelier et sur site<br data-start=\"1906\" data-end=\"1909\" \/>Disponibilit\u00e9 rapide des pi\u00e8ces<br data-start=\"1940\" data-end=\"1943\" \/>\u00c9quipe technique en France<\/p>\n<h2>NOTRE PRESTATION A L\u2019ACHAT INCLUT :<\/h2>\n<p data-start=\"2010\" data-end=\"2091\">MAT\u00c9RIEL R\u00c9VIS\u00c9<br data-start=\"2025\" data-end=\"2028\" \/>GARANTIE<br data-start=\"2036\" data-end=\"2039\" \/>LIVRAISON POSSIBLE DANS TOUTE LA FRANCE<br data-start=\"2078\" data-end=\"2081\" \/>PEINTURE<\/p>\n<p data-start=\"2093\" data-end=\"2186\">Contactez-nous d\u00e8s maintenant pour plus d\u2019informations ou pour obtenir un devis personnalis\u00e9.<\/p>\n<p data-start=\"2188\" data-end=\"2279\">Toutes nos machines sont r\u00e9vis\u00e9es et garanties, et certifi\u00e9es par un organisme ind\u00e9pendant.<\/p>\n<p data-start=\"2281\" data-end=\"2472\" data-is-last-node=\"\" data-is-only-node=\"\">Quatre niveaux de finition sont disponibles :<br data-start=\"2326\" data-end=\"2329\" \/>\u2605\u2605 : Machine r\u00e9vis\u00e9e<br data-start=\"2349\" data-end=\"2352\" \/>\u2605\u2605\u2605 : Machine r\u00e9vis\u00e9e et en bon \u00e9tat (voile ou peinture partiel)<br data-start=\"2416\" data-end=\"2419\" \/>\u2605\u2605\u2605\u2605 : Machine reconditionn\u00e9e<br data-start=\"2448\" data-end=\"2451\" \/>\u2605\u2605\u2605\u2605\u2605 : Machine neuve<\/p>\n<\/div>\n<\/div>\n<\/div>\n<\/div>\n<div class=\"z-0 flex min-h-[46px] justify-start\"><\/div>\n<div class=\"mt-3 w-full empty:hidden\">\n<div class=\"text-center\"><\/div>\n<\/div>\n<\/div>\n<\/div>\n<\/section>\n<div class=\"contents\"><\/div>\n<\/div>\n<\/div>\n<\/div>\n<div class=\"pointer-events-none -mt-px h-px translate-y-[calc(var(--scroll-root-safe-area-inset-bottom)-14*var(--spacing))]\" aria-hidden=\"true\"><\/div>\n","protected":false},"excerpt":{"rendered":"<p><strong>REF<\/strong> : 5893<\/p>\n<p><strong>ETAT<\/strong> : Occasion reconditionn\u00e9<\/p>\n<p><strong>MARQUE<\/strong> : Fenwick<\/p>\n<p><strong>HEURES<\/strong> : 5444H<\/p>\n<p><strong>MODELE<\/strong> : L12L<\/p>\n<p><strong>ANN\u00c9E<\/strong> : 2015<\/p>\n<p><strong>CAPACIT\u00c9 DE LEVAGE<\/strong> : 1.2T<\/p>\n<p><strong>HAUTEUR DE LEV\u00c9E :<\/strong> 1925 mm (1,92 m)<\/p>\n<p><strong>\u00c9NERGIE<\/strong> : \u00c9lectrique 24 V<\/p>\n<p><strong>BATTERIE<\/strong> : Batterie incluse<\/p>\n<p><strong>CHARGEUR<\/strong> : Chargeur inclus<\/p>\n<p><strong>M\u00c2T<\/strong> : Duplex<\/p>\n<p><strong>ROUES<\/strong> : Bandages<\/p>\n<p><strong>\u00c9QUIPEMENTS<\/strong> : Lev\u00e9e initiale, batterie, chargeur inclus<\/p>\n<p><strong>CONFORT<\/strong> : Conduite ergonomique, d\u00e9placement autoport\u00e9 confortable<\/p>\n<p><strong>S\u00c9CURIT\u00c9<\/strong> : Lev\u00e9e stable et pr\u00e9cise<\/p>\n","protected":false},"featured_media":3229,"comment_status":"open","ping_status":"closed","template":"","meta":[],"product_brand":[],"product_cat":[19],"product_tag":[],"class_list":{"0":"post-3228","1":"product","2":"type-product","3":"status-publish","4":"has-post-thumbnail","6":"product_cat-gerbeurs-electriques","8":"first","9":"instock","10":"sale","11":"taxable","12":"shipping-taxable","13":"purchasable","14":"product-type-simple"},"_links":{"self":[{"href":"https:\/\/lechariotelevateur.fr\/site\/wp-json\/wp\/v2\/product\/3228","targetHints":{"allow":["GET"]}}],"collection":[{"href":"https:\/\/lechariotelevateur.fr\/site\/wp-json\/wp\/v2\/product"}],"about":[{"href":"https:\/\/lechariotelevateur.fr\/site\/wp-json\/wp\/v2\/types\/product"}],"replies":[{"embeddable":true,"href":"https:\/\/lechariotelevateur.fr\/site\/wp-json\/wp\/v2\/comments?post=3228"}],"wp:featuredmedia":[{"embeddable":true,"href":"https:\/\/lechariotelevateur.fr\/site\/wp-json\/wp\/v2\/media\/3229"}],"wp:attachment":[{"href":"https:\/\/lechariotelevateur.fr\/site\/wp-json\/wp\/v2\/media?parent=3228"}],"wp:term":[{"taxonomy":"product_brand","embeddable":true,"href":"https:\/\/lechariotelevateur.fr\/site\/wp-json\/wp\/v2\/product_brand?post=3228"},{"taxonomy":"product_cat","embeddable":true,"href":"https:\/\/lechariotelevateur.fr\/site\/wp-json\/wp\/v2\/product_cat?post=3228"},{"taxonomy":"product_tag","embeddable":true,"href":"https:\/\/lechariotelevateur.fr\/site\/wp-json\/wp\/v2\/product_tag?post=3228"}],"curies":[{"name":"wp","href":"https:\/\/api.w.org\/{rel}","templated":true}]}}