{"id":3224,"date":"2026-05-15T13:02:08","date_gmt":"2026-05-15T13:02:08","guid":{"rendered":"https:\/\/lechariotelevateur.fr\/site\/?post_type=product&#038;p=3224"},"modified":"2026-05-15T13:20:52","modified_gmt":"2026-05-15T13:20:52","slug":"nacelle-verticale-electrique-1080-m-occasion-reconditionnee","status":"publish","type":"product","link":"https:\/\/lechariotelevateur.fr\/site\/nos-machines\/autres\/nacelle-verticale-electrique-1080-m-occasion-reconditionnee\/","title":{"rendered":"Nacelle verticale \u00e9lectrique 10,80 m occasion reconditionn\u00e9e"},"content":{"rendered":"<div class=\"text-base my-auto mx-auto [--thread-content-margin:var(--thread-content-margin-xs,calc(var(--spacing)*4))] @w-sm\/main:[--thread-content-margin:var(--thread-content-margin-sm,calc(var(--spacing)*6))] @w-lg\/main:[--thread-content-margin:var(--thread-content-margin-lg,calc(var(--spacing)*16))] px-(--thread-content-margin)\">\n<div class=\"[--thread-content-max-width:40rem] @w-lg\/main:[--thread-content-max-width:48rem] mx-auto max-w-(--thread-content-max-width) flex-1 group\/turn-messages focus-visible:outline-hidden relative flex w-full min-w-0 flex-col agent-turn\">\n<div class=\"flex max-w-full flex-col gap-4 grow\">\n<div class=\"min-h-8 text-message relative flex w-full flex-col items-end gap-2 text-start break-words whitespace-normal outline-none keyboard-focused:focus-ring [.text-message+&amp;]:mt-1\" dir=\"auto\" data-message-author-role=\"assistant\" data-message-id=\"dff368a4-4f43-413b-8ff2-51f4de66de93\" data-message-model-slug=\"gpt-5-5\">\n<div class=\"flex w-full flex-col gap-1 empty:hidden\">\n<div class=\"markdown prose dark:prose-invert wrap-break-word w-full light markdown-new-styling\">\n<p data-start=\"551\" data-end=\"836\">Nacelle verticale \u00e9lectrique occasion reconditionn\u00e9e con\u00e7ue pour les travaux en hauteur n\u00e9cessitant pr\u00e9cision, s\u00e9curit\u00e9 et faible encombrement. Compacte et l\u00e9g\u00e8re, cette nacelle offre une hauteur de travail de 10,80 m id\u00e9ale pour les interventions en int\u00e9rieur et les acc\u00e8s difficiles.<\/p>\n<h2 data-start=\"838\" data-end=\"850\">POINTS FORTS<\/h2>\n<p data-start=\"852\" data-end=\"1052\">Hauteur de travail 10,80 m<br data-start=\"878\" data-end=\"881\" \/>Machine compacte et l\u00e9g\u00e8re<br data-start=\"907\" data-end=\"910\" \/>Id\u00e9ale pour acc\u00e8s difficiles<br data-start=\"938\" data-end=\"941\" \/>Motorisation \u00e9lectrique silencieuse<br data-start=\"976\" data-end=\"979\" \/>Utilisation simple et rapide<br data-start=\"1007\" data-end=\"1010\" \/>D\u00e9placement facile<br data-start=\"1028\" data-end=\"1031\" \/>Faible encombrement<\/p>\n<h2 data-start=\"1054\" data-end=\"1063\">AVANTAGES<\/h2>\n<p data-start=\"1065\" data-end=\"1272\">Travail propre et silencieux<br data-start=\"1093\" data-end=\"1096\" \/>Mise en place rapide<br data-start=\"1116\" data-end=\"1119\" \/>Bonne maniabilit\u00e9 en int\u00e9rieur<br data-start=\"1149\" data-end=\"1152\" \/>Stabilisateurs pour s\u00e9curit\u00e9 renforc\u00e9e<br data-start=\"1190\" data-end=\"1193\" \/>Machine adapt\u00e9e aux espaces restreints<br data-start=\"1231\" data-end=\"1234\" \/>Mat\u00e9riel r\u00e9vis\u00e9 pr\u00eat \u00e0 l\u2019utilisation<\/p>\n<h2 data-start=\"1274\" data-end=\"1292\">UTILISATION ID\u00c9ALE<\/h2>\n<p data-start=\"1294\" data-end=\"1405\">Maintenance<br data-start=\"1305\" data-end=\"1308\" \/>Travaux \u00e9lectriques<br data-start=\"1327\" data-end=\"1330\" \/>Installation int\u00e9rieure<br data-start=\"1353\" data-end=\"1356\" \/>Entrep\u00f4ts<br data-start=\"1365\" data-end=\"1368\" \/>Magasins<br data-start=\"1376\" data-end=\"1379\" \/>B\u00e2timents professionnels<\/p>\n<h2 data-start=\"1407\" data-end=\"1433\">Pourquoi choisir Taurand :<\/h2>\n<p data-start=\"1435\" data-end=\"1648\">Entreprise bas\u00e9e dans le Val d\u2019Oise (95) depuis plus de 30 ans<br data-start=\"1497\" data-end=\"1500\" \/>Sp\u00e9cialiste du mat\u00e9riel de manutention<br data-start=\"1538\" data-end=\"1541\" \/>Service apr\u00e8s-vente en atelier et sur site<br data-start=\"1583\" data-end=\"1586\" \/>Disponibilit\u00e9 rapide des pi\u00e8ces<br data-start=\"1617\" data-end=\"1620\" \/>\u00c9quipe technique en France<\/p>\n<h2 data-start=\"1650\" data-end=\"1685\">NOTRE PRESTATION A L\u2019ACHAT INCLUT :<\/h2>\n<p data-start=\"1687\" data-end=\"1774\">MAT\u00c9RIEL R\u00c9VIS\u00c9<br data-start=\"1702\" data-end=\"1705\" \/>GARANTIE<br data-start=\"1713\" data-end=\"1716\" \/>LIVRAISON POSSIBLE DANS TOUTE LA FRANCE<br data-start=\"1755\" data-end=\"1758\" \/>VGP<br data-start=\"1761\" data-end=\"1764\" \/>PEINTURE<\/p>\n<p data-start=\"1776\" data-end=\"1869\">Contactez-nous d\u00e8s maintenant pour plus d\u2019informations ou pour obtenir un devis personnalis\u00e9.<\/p>\n<p data-start=\"1871\" data-end=\"1962\">Toutes nos machines sont r\u00e9vis\u00e9es et garanties, et certifi\u00e9es par un organisme ind\u00e9pendant.<\/p>\n<p data-start=\"1964\" data-end=\"2155\" data-is-last-node=\"\" data-is-only-node=\"\">Quatre niveaux de finition sont disponibles :<br data-start=\"2009\" data-end=\"2012\" \/>\u2605\u2605 : Machine r\u00e9vis\u00e9e<br data-start=\"2032\" data-end=\"2035\" \/>\u2605\u2605\u2605 : Machine r\u00e9vis\u00e9e et en bon \u00e9tat (voile ou peinture partiel)<br data-start=\"2099\" data-end=\"2102\" \/>\u2605\u2605\u2605\u2605 : Machine reconditionn\u00e9e<br data-start=\"2131\" data-end=\"2134\" \/>\u2605\u2605\u2605\u2605\u2605 : Machine neuve<\/p>\n<\/div>\n<\/div>\n<\/div>\n<\/div>\n<div class=\"z-0 flex min-h-[46px] justify-start\"><\/div>\n<\/div>\n<\/div>\n","protected":false},"excerpt":{"rendered":"<p><strong>REF<\/strong> : 8737<\/p>\n<p><strong>ETAT<\/strong> : Occasion reconditionn\u00e9<\/p>\n<p><strong>MARQUE<\/strong> : Kiloutou<\/p>\n<p><strong>MODELE<\/strong> : AWP30S<\/p>\n<p><strong>HAUTEUR DE TRAVAIL :<\/strong> 1080 mm (10,80 m)<\/p>\n<p><strong>ANN\u00c9E<\/strong> : 2012<\/p>\n<p><strong>\u00c9NERGIE<\/strong> : \u00c9lectrique<\/p>\n<p><strong>CHARGEUR<\/strong> : Alimentation secteur<\/p>\n<p><strong>ROUES<\/strong> : Bandages<\/p>\n<p><strong>\u00c9QUIPEMENTS<\/strong> : Stabilisateurs, alimentation secteur<\/p>\n<p><strong>CONFORT<\/strong> : Mise en place rapide, faible encombrement<\/p>\n<p><strong>S\u00c9CURIT\u00c9<\/strong> : Stabilisateurs pour une excellente s\u00e9curit\u00e9<\/p>\n","protected":false},"featured_media":3226,"comment_status":"open","ping_status":"closed","template":"","meta":[],"product_brand":[],"product_cat":[64],"product_tag":[],"class_list":{"0":"post-3224","1":"product","2":"type-product","3":"status-publish","4":"has-post-thumbnail","6":"product_cat-autres","8":"first","9":"instock","10":"sale","11":"taxable","12":"shipping-taxable","13":"purchasable","14":"product-type-simple"},"_links":{"self":[{"href":"https:\/\/lechariotelevateur.fr\/site\/wp-json\/wp\/v2\/product\/3224","targetHints":{"allow":["GET"]}}],"collection":[{"href":"https:\/\/lechariotelevateur.fr\/site\/wp-json\/wp\/v2\/product"}],"about":[{"href":"https:\/\/lechariotelevateur.fr\/site\/wp-json\/wp\/v2\/types\/product"}],"replies":[{"embeddable":true,"href":"https:\/\/lechariotelevateur.fr\/site\/wp-json\/wp\/v2\/comments?post=3224"}],"wp:featuredmedia":[{"embeddable":true,"href":"https:\/\/lechariotelevateur.fr\/site\/wp-json\/wp\/v2\/media\/3226"}],"wp:attachment":[{"href":"https:\/\/lechariotelevateur.fr\/site\/wp-json\/wp\/v2\/media?parent=3224"}],"wp:term":[{"taxonomy":"product_brand","embeddable":true,"href":"https:\/\/lechariotelevateur.fr\/site\/wp-json\/wp\/v2\/product_brand?post=3224"},{"taxonomy":"product_cat","embeddable":true,"href":"https:\/\/lechariotelevateur.fr\/site\/wp-json\/wp\/v2\/product_cat?post=3224"},{"taxonomy":"product_tag","embeddable":true,"href":"https:\/\/lechariotelevateur.fr\/site\/wp-json\/wp\/v2\/product_tag?post=3224"}],"curies":[{"name":"wp","href":"https:\/\/api.w.org\/{rel}","templated":true}]}}