{"id":3196,"date":"2026-04-27T09:35:22","date_gmt":"2026-04-27T09:35:22","guid":{"rendered":"https:\/\/lechariotelevateur.fr\/site\/?post_type=product&#038;p=3196"},"modified":"2026-04-27T09:37:32","modified_gmt":"2026-04-27T09:37:32","slug":"chariot-elevateur-electrique-still-rx50-13-1-25t-occasion","status":"publish","type":"product","link":"https:\/\/lechariotelevateur.fr\/site\/nos-machines\/chariots-elevateurs\/chariot-elevateur-electrique-still-rx50-13-1-25t-occasion\/","title":{"rendered":"Chariot \u00e9l\u00e9vateur \u00e9lectrique STILL RX50-13 1.25T occasion"},"content":{"rendered":"<h2>POINTS FORTS<\/h2>\n<p>Marque STILL reconnue pour sa qualit\u00e9<br \/>\nCapacit\u00e9 1.25 tonne adapt\u00e9e aux charges standards<br \/>\nMotorisation \u00e9lectrique performante<br \/>\nHauteur hors-tout 2.20 m id\u00e9ale pour zones basses<br \/>\nConduite pr\u00e9cise et stable<br \/>\nMachine robuste et durable<\/p>\n<h2>AVANTAGES DE L\u2019\u00c9LECTRIQUE<\/h2>\n<p>Fonctionnement silencieux<br \/>\nZ\u00e9ro \u00e9mission<br \/>\nCo\u00fbt d\u2019exploitation r\u00e9duit<br \/>\nEntretien simplifi\u00e9<\/p>\n<h2>UTILISATION ID\u00c9ALE<\/h2>\n<p>Entrep\u00f4ts<br \/>\nIndustrie<br \/>\nStockage<br \/>\nManutention int\u00e9rieure<\/p>\n<h2>Pourquoi choisir Taurand :<\/h2>\n<p>Entreprise bas\u00e9e dans le Val d\u2019Oise (95) depuis plus de 30 ans<br \/>\nSp\u00e9cialiste du mat\u00e9riel de manutention<br \/>\nService apr\u00e8s-vente en atelier et sur site<br \/>\nDisponibilit\u00e9 rapide des pi\u00e8ces<br \/>\n\u00c9quipe technique en \u00cele-de-France et dans l\u2019Oise<\/p>\n<h2>NOTRE PRESTATION A L\u2019ACHAT INCLUT :<\/h2>\n<p>MAT\u00c9RIEL R\u00c9VIS\u00c9<br \/>\nGARANTIE<br \/>\nLIVRAISON POSSIBLE DANS TOUTE LA FRANCE<\/p>\n<p>DISPONIBLE IMM\u00c9DIATEMENT<\/p>\n<p>Chariot \u00e9l\u00e9vateur \u00e9quivalent aux marques :<br \/>\n#FENWICK #TOYOTA #STILL #JUNGHEINRICH<\/p>\n<p data-start=\"3169\" data-end=\"3262\">Contactez-nous d\u00e8s maintenant pour plus d\u2019informations ou pour obtenir un devis personnalis\u00e9.<\/p>\n<p>Toutes nos machines sont\u00a0<strong>r\u00e9vis\u00e9es<\/strong>\u00a0et\u00a0<strong>garanties, et certifi\u00e9es par un organisme ind\u00e9pendant.<br \/>\n<\/strong><\/p>\n<ul class=\"spip\">\n<li>Quatre niveaux de finition sont disponibles\u00a0:<br \/>\n\u2605\u2605\u00a0: Machine r\u00e9vis\u00e9e<br \/>\n\u2605\u2605\u2605\u00a0: Machine r\u00e9vis\u00e9e et en bon \u00e9tat (voile ou peinture partiel)<br \/>\n\u2605\u2605\u2605\u2605\u00a0: Machine reconditionn\u00e9e<br \/>\n\u2605\u2605\u2605\u2605\u2605\u00a0: Machine neuve<\/li>\n<\/ul>\n","protected":false},"excerpt":{"rendered":"<p><strong>ETAT<\/strong> : Occasion<\/p>\n<p><strong>REF<\/strong> : 8790<\/p>\n<p><strong>MARQUE<\/strong> : STILL (Origine garantie)<\/p>\n<p><strong>MODELE<\/strong> : RX50-13<\/p>\n<p><strong>ANN\u00c9E<\/strong> : 2018<\/p>\n<p><strong>HEURES<\/strong> : 11690 h<\/p>\n<p><strong>CAPACIT\u00c9<\/strong> : 1250 kg (1.25 tonne)<\/p>\n<p><strong>M\u00c2T<\/strong> : Triplex (hauteur de lev\u00e9e 4920 mm \/ 4.92 m)<\/p>\n<p><strong>LEV\u00c9E LIBRE<\/strong> : Oui (m\u00e2t triplex)<\/p>\n<p><strong>\u00c9NERGIE<\/strong> : \u00c9lectrique E24V<\/p>\n<p><strong>PUISSANCE :<\/strong> 4.9 kW<\/p>\n<p><strong>HAUTEUR HORS-TOUT<\/strong> : 2.20 m<\/p>\n<p><strong>POIDS<\/strong> : 2306 kg<\/p>\n<p>&nbsp;<\/p>\n<p>Chariot \u00e9l\u00e9vateur \u00e9lectrique STILL reconnu pour sa robustesse et sa fiabilit\u00e9, parfaitement adapt\u00e9 aux op\u00e9rations de manutention en entrep\u00f4t et en environnement logistique.<\/p>\n<p>&nbsp;<\/p>\n","protected":false},"featured_media":3197,"comment_status":"open","ping_status":"closed","template":"","meta":[],"product_cat":[17],"product_tag":[],"_links":{"self":[{"href":"https:\/\/lechariotelevateur.fr\/site\/wp-json\/wp\/v2\/product\/3196"}],"collection":[{"href":"https:\/\/lechariotelevateur.fr\/site\/wp-json\/wp\/v2\/product"}],"about":[{"href":"https:\/\/lechariotelevateur.fr\/site\/wp-json\/wp\/v2\/types\/product"}],"replies":[{"embeddable":true,"href":"https:\/\/lechariotelevateur.fr\/site\/wp-json\/wp\/v2\/comments?post=3196"}],"wp:featuredmedia":[{"embeddable":true,"href":"https:\/\/lechariotelevateur.fr\/site\/wp-json\/wp\/v2\/media\/3197"}],"wp:attachment":[{"href":"https:\/\/lechariotelevateur.fr\/site\/wp-json\/wp\/v2\/media?parent=3196"}],"wp:term":[{"taxonomy":"product_cat","embeddable":true,"href":"https:\/\/lechariotelevateur.fr\/site\/wp-json\/wp\/v2\/product_cat?post=3196"},{"taxonomy":"product_tag","embeddable":true,"href":"https:\/\/lechariotelevateur.fr\/site\/wp-json\/wp\/v2\/product_tag?post=3196"}],"curies":[{"name":"wp","href":"https:\/\/api.w.org\/{rel}","templated":true}]}}