{"id":3192,"date":"2026-04-27T08:38:15","date_gmt":"2026-04-27T08:38:15","guid":{"rendered":"https:\/\/lechariotelevateur.fr\/site\/?post_type=product&#038;p=3192"},"modified":"2026-04-27T08:44:02","modified_gmt":"2026-04-27T08:44:02","slug":"gerbeur-electrique-toyota-1t-swe200d-duplex-2100-mm-occasion","status":"publish","type":"product","link":"https:\/\/lechariotelevateur.fr\/site\/nos-machines\/gerbeurs-electriques\/gerbeur-electrique-toyota-1t-swe200d-duplex-2100-mm-occasion\/","title":{"rendered":"Gerbeur \u00e9lectrique Toyota 1T SWE200D duplex 2100 mm occasion"},"content":{"rendered":"<h1 data-start=\"83\" data-end=\"136\"><strong data-start=\"83\" data-end=\"136\">Gerbeur \u00e9lectrique Toyota SWE200D duplex 2.1 m 1T<\/strong><\/h1>\n<h2><strong>POINTS FORTS<\/strong><\/h2>\n<p>Marque Toyota tr\u00e8s recherch\u00e9e<br \/>\nCapacit\u00e9 1 tonne adapt\u00e9e aux charges standards<br \/>\nM\u00e2t duplex avec lev\u00e9e 2.1 m<br \/>\nDouble capacit\u00e9 (bras support 2 tonnes)<br \/>\nMotorisation \u00e9lectrique fiable<br \/>\nMachine simple et efficace<\/p>\n<h2><strong>AVANTAGES DE L\u2019\u00c9LECTRIQUE<\/strong><\/h2>\n<p>Utilisation silencieuse<br \/>\nZ\u00e9ro \u00e9mission<br \/>\nCo\u00fbt d\u2019exploitation r\u00e9duit<br \/>\nEntretien limit\u00e9<\/p>\n<h2>UTILISATION ID\u00c9ALE<\/h2>\n<p>Entrep\u00f4ts<br \/>\nStockage<br \/>\nPr\u00e9paration de commandes<br \/>\nManutention int\u00e9rieure<\/p>\n<h2>Pourquoi choisir Taurand :<\/h2>\n<p>Entreprise bas\u00e9e dans le Val d\u2019Oise (95) depuis plus de 30 ans<br \/>\nSp\u00e9cialiste du mat\u00e9riel de manutention<br \/>\nService apr\u00e8s-vente en atelier et sur site<br \/>\nDisponibilit\u00e9 rapide des pi\u00e8ces<br \/>\n\u00c9quipe technique en \u00cele-de-France et dans l\u2019Oise<\/p>\n<h2>NOTRE PRESTATION A L\u2019ACHAT INCLUT :<\/h2>\n<p>MAT\u00c9RIEL R\u00c9VIS\u00c9<br \/>\nGARANTIE<br \/>\nLIVRAISON POSSIBLE DANS TOUTE LA FRANCE<\/p>\n<p>DISPONIBLE IMM\u00c9DIATEMENT<\/p>\n<p>Gerbeur \u00e9quivalent aux marques :<br \/>\n#FENWICK #TOYOTA #STILL #JUNGHEINRICH<\/p>\n<p>Contactez-nous d\u00e8s maintenant pour plus d\u2019informations ou pour obtenir un devis personnalis\u00e9.<\/p>\n<p>Toutes nos machines sont\u00a0<strong>r\u00e9vis\u00e9es<\/strong>\u00a0et\u00a0<strong>garanties, et certifi\u00e9es par un organisme ind\u00e9pendant.<br \/>\n<\/strong><\/p>\n<ul class=\"spip\">\n<li>Quatre niveaux de finition sont disponibles\u00a0:<br \/>\n\u2605\u2605\u00a0: Machine r\u00e9vis\u00e9e<br \/>\n\u2605\u2605\u2605\u00a0: Machine r\u00e9vis\u00e9e et en bon \u00e9tat (voile ou peinture partiel)<br \/>\n\u2605\u2605\u2605\u2605\u00a0: Machine reconditionn\u00e9e<br \/>\n\u2605\u2605\u2605\u2605\u2605\u00a0: Machine neuve<\/li>\n<\/ul>\n","protected":false},"excerpt":{"rendered":"<p><strong>ETAT<\/strong> : Occasion<\/p>\n<p><strong>REF<\/strong> : 8747<\/p>\n<p><strong>MARQUE<\/strong> : TOYOTA (Origine garantie)<\/p>\n<p><strong>MODELE<\/strong> : SWE200D<\/p>\n<p><strong>ANN\u00c9E<\/strong> : 2017<\/p>\n<p><strong>HEURES<\/strong> : 3070 h<\/p>\n<p><strong>CAPACIT\u00c9 NOMINALE<\/strong> : 1000 kg (1 tonne)<\/p>\n<p><strong>CAPACIT\u00c9 BRAS SUPPORT<\/strong> : 2000 kg<\/p>\n<p><strong>HAUTEUR DE LEVAGE<\/strong> : 2100 MM<\/p>\n<p><strong>\u00c9NERGIE<\/strong> : \u00c9lectrique E24V<\/p>\n<p><strong>M\u00c2T<\/strong> : Duplex (hauteur de lev\u00e9e 3000 mm \/ 3.0 m)<\/p>\n<p><strong>BATTERIE<\/strong> : 24V<\/p>\n<p><strong>BANDAGES\u00a0<\/strong><\/p>\n<p>&nbsp;<\/p>\n<p>Gerbeur \u00e9lectrique Toyota reconnu pour sa robustesse et sa fiabilit\u00e9, id\u00e9al pour les op\u00e9rations de manutention en entrep\u00f4t et en environnement logistique.<\/p>\n","protected":false},"featured_media":3193,"comment_status":"open","ping_status":"closed","template":"","meta":[],"product_cat":[19],"product_tag":[],"_links":{"self":[{"href":"https:\/\/lechariotelevateur.fr\/site\/wp-json\/wp\/v2\/product\/3192"}],"collection":[{"href":"https:\/\/lechariotelevateur.fr\/site\/wp-json\/wp\/v2\/product"}],"about":[{"href":"https:\/\/lechariotelevateur.fr\/site\/wp-json\/wp\/v2\/types\/product"}],"replies":[{"embeddable":true,"href":"https:\/\/lechariotelevateur.fr\/site\/wp-json\/wp\/v2\/comments?post=3192"}],"wp:featuredmedia":[{"embeddable":true,"href":"https:\/\/lechariotelevateur.fr\/site\/wp-json\/wp\/v2\/media\/3193"}],"wp:attachment":[{"href":"https:\/\/lechariotelevateur.fr\/site\/wp-json\/wp\/v2\/media?parent=3192"}],"wp:term":[{"taxonomy":"product_cat","embeddable":true,"href":"https:\/\/lechariotelevateur.fr\/site\/wp-json\/wp\/v2\/product_cat?post=3192"},{"taxonomy":"product_tag","embeddable":true,"href":"https:\/\/lechariotelevateur.fr\/site\/wp-json\/wp\/v2\/product_tag?post=3192"}],"curies":[{"name":"wp","href":"https:\/\/api.w.org\/{rel}","templated":true}]}}