{"id":3132,"date":"2026-04-16T14:29:16","date_gmt":"2026-04-16T14:29:16","guid":{"rendered":"https:\/\/lechariotelevateur.fr\/site\/?post_type=product&#038;p=3132"},"modified":"2026-04-17T09:42:07","modified_gmt":"2026-04-17T09:42:07","slug":"chariot-elevateur-electrique-1-2t-triplex-4-35m-neuf","status":"publish","type":"product","link":"https:\/\/lechariotelevateur.fr\/site\/nos-machines\/chariots-elevateurs\/chariot-elevateur-electrique-1-2t-triplex-4-35m-neuf\/","title":{"rendered":"Chariot \u00e9l\u00e9vateur \u00e9lectrique 1.2T Triplex 4.35m &#8211; Neuf"},"content":{"rendered":"<h1 data-start=\"81\" data-end=\"142\"><strong data-start=\"81\" data-end=\"142\">Chariot \u00e9l\u00e9vateur \u00e9lectrique neuf 1.2T triplex 4.35 m avec TDL<\/strong><\/h1>\n<h2 data-start=\"1337\" data-end=\"1359\" data-section-id=\"1bxfd68\"><span role=\"text\"><strong data-start=\"1343\" data-end=\"1359\">POINTS FORTS<\/strong><\/span><\/h2>\n<p>Format compact (hauteur hors-tout 1.96 m)<br \/>\nCapacit\u00e9 1.2 tonne adapt\u00e9e aux charges l\u00e9g\u00e8res \u00e0 moyennes<br \/>\nM\u00e2t triplex avec lev\u00e9e libre<br \/>\nD\u00e9placement lat\u00e9ral (TDL) pour pr\u00e9cision<br \/>\nMachine neuve pr\u00eate \u00e0 l\u2019emploi<\/p>\n<p>&nbsp;<\/p>\n<h2 data-start=\"1630\" data-end=\"1658\" data-section-id=\"25rysb\"><span role=\"text\"><strong data-start=\"1636\" data-end=\"1658\">UTILISATION ID\u00c9ALE<\/strong><\/span><\/h2>\n<p>Entrep\u00f4ts logistiques<br \/>\nZones \u00e0 faible hauteur<br \/>\nIndustrie l\u00e9g\u00e8re<br \/>\nStockage int\u00e9rieur<\/p>\n<h2 data-start=\"1763\" data-end=\"1797\" data-section-id=\"w8924d\"><\/h2>\n<h2><strong>Pourquoi choisir Taurand :<\/strong><\/h2>\n<p>Entreprise bas\u00e9e dans le Val d\u2019Oise (95) depuis plus de 30 ans.<br \/>\nRevendeur officiel HELI en Ile de France.<br \/>\nService apr\u00e8s-vente r\u00e9alis\u00e9 en atelier et en itin\u00e9rance sur site.<br \/>\nLarge disponibilit\u00e9 de pi\u00e8ces et accessoires.<br \/>\n\u00c9quipe technique itin\u00e9rant en \u00cele-de-France et dans l\u2019Oise.<\/p>\n<p>&nbsp;<\/p>\n<h2><strong>NOTRE PRESTATION A L\u2019ACHAT INCLUT :<\/strong><\/h2>\n<p>MAT\u00c9RIEL NEUF PR\u00caT \u00c0 L\u2019EMPLOI.<br \/>\nGARANTIE PIECES, MAIN D\u2019\u0152UVRE ET DEPLACEMENT.<br \/>\nDISPONIBLE IMM\u00c9DIATEMENT.<\/p>\n<p>Chariot \u00e9l\u00e9vateur \u00e9quivalent aux marques FENWICK, TOYOTA, STILL , JUNGHEINRICH, CLARK<\/p>\n<p data-start=\"3169\" data-end=\"3262\">Contactez-nous d\u00e8s maintenant pour plus d\u2019informations ou pour obtenir un devis personnalis\u00e9.<\/p>\n<p>Toutes nos machines sont\u00a0<strong>r\u00e9vis\u00e9es<\/strong>\u00a0et\u00a0<strong>garanties, et certifi\u00e9es par un organisme ind\u00e9pendant.<br \/>\n<\/strong><\/p>\n<ul class=\"spip\">\n<li>Quatre niveaux de finition sont disponibles\u00a0:<br \/>\n\u2605\u2605\u00a0: Machine r\u00e9vis\u00e9e<br \/>\n\u2605\u2605\u2605\u00a0: Machine r\u00e9vis\u00e9e et en bon \u00e9tat (voile ou peinture partiel)<br \/>\n\u2605\u2605\u2605\u2605\u00a0: Machine reconditionn\u00e9e<br \/>\n\u2605\u2605\u2605\u2605\u2605\u00a0: Machine neuve<\/li>\n<\/ul>\n","protected":false},"excerpt":{"rendered":"<p><strong>ETAT<\/strong> : Neuf<\/p>\n<p><strong>REF<\/strong> : 8402<\/p>\n<p><strong>MARQUE<\/strong> : HELI (Origine garantie)<\/p>\n<p><strong>MODELE<\/strong> : CPD12SQA1HA<\/p>\n<p><strong>CAPACIT\u00c9<\/strong> : 1200 kg (1.2 tonne)<\/p>\n<p><strong>\u00c9NERGIE<\/strong> : \u00c9lectrique E24V<\/p>\n<p><strong>BATTERIE<\/strong> : 24V 420Ah<\/p>\n<p><strong>M\u00c2T<\/strong> : Triplex (hauteur de lev\u00e9e 4350 mm \/ 4.35 m)<\/p>\n<p><strong>LEV\u00c9E LIBRE<\/strong> : Oui (m\u00e2t triplex)<\/p>\n<p><strong>HAUTEUR HORS-TOUT<\/strong> : 1.96 m<\/p>\n<p><strong>CHARGEUR<\/strong> : 24V 50Ah inclus<\/p>\n<p><strong>\u00c9QUIPEMENTS<\/strong> : TDL (d\u00e9placement lat\u00e9ral)<\/p>\n<p><strong>Pneu plein souple\u00a0<\/strong><\/p>\n<p>&nbsp;<\/p>\n<p data-start=\"984\" data-end=\"1193\">Chariot \u00e9l\u00e9vateur \u00e9lectrique neuf compact et maniable, id\u00e9al pour les environnements n\u00e9cessitant pr\u00e9cision et efficacit\u00e9. Gr\u00e2ce \u00e0 sa faible hauteur hors-tout, il s\u2019adapte parfaitement aux zones \u00e0 acc\u00e8s limit\u00e9.<\/p>\n<p data-start=\"1195\" data-end=\"1330\">\n","protected":false},"featured_media":3133,"comment_status":"open","ping_status":"closed","template":"","meta":[],"product_cat":[17],"product_tag":[],"_links":{"self":[{"href":"https:\/\/lechariotelevateur.fr\/site\/wp-json\/wp\/v2\/product\/3132"}],"collection":[{"href":"https:\/\/lechariotelevateur.fr\/site\/wp-json\/wp\/v2\/product"}],"about":[{"href":"https:\/\/lechariotelevateur.fr\/site\/wp-json\/wp\/v2\/types\/product"}],"replies":[{"embeddable":true,"href":"https:\/\/lechariotelevateur.fr\/site\/wp-json\/wp\/v2\/comments?post=3132"}],"wp:featuredmedia":[{"embeddable":true,"href":"https:\/\/lechariotelevateur.fr\/site\/wp-json\/wp\/v2\/media\/3133"}],"wp:attachment":[{"href":"https:\/\/lechariotelevateur.fr\/site\/wp-json\/wp\/v2\/media?parent=3132"}],"wp:term":[{"taxonomy":"product_cat","embeddable":true,"href":"https:\/\/lechariotelevateur.fr\/site\/wp-json\/wp\/v2\/product_cat?post=3132"},{"taxonomy":"product_tag","embeddable":true,"href":"https:\/\/lechariotelevateur.fr\/site\/wp-json\/wp\/v2\/product_tag?post=3132"}],"curies":[{"name":"wp","href":"https:\/\/api.w.org\/{rel}","templated":true}]}}