{"id":3112,"date":"2026-04-15T14:52:29","date_gmt":"2026-04-15T14:52:29","guid":{"rendered":"https:\/\/lechariotelevateur.fr\/site\/?post_type=product&#038;p=3112"},"modified":"2026-04-16T07:09:10","modified_gmt":"2026-04-16T07:09:10","slug":"chariot-elevateur-caterpillar-gp25nt-triplex-4-7-m-puissance-fiabilite","status":"publish","type":"product","link":"https:\/\/lechariotelevateur.fr\/site\/nos-machines\/chariots-elevateurs\/chariot-elevateur-caterpillar-gp25nt-triplex-4-7-m-puissance-fiabilite\/","title":{"rendered":"Chariot \u00c9l\u00e9vateur Caterpillar GP25NT Triplex 4.7 m &#8211; Puissance Fiabilit\u00e9"},"content":{"rendered":"<p data-path-to-node=\"4\">Optimisez la productivit\u00e9 de votre entrep\u00f4t avec ce transpalette \u00e9lectrique 2T autoport\u00e9 d&rsquo;occasion de la marque BT Toyota, leader mondial de la manutention. Ce mod\u00e8le de 2019, con\u00e7u pour des cycles de travail intensifs, combine une capacit\u00e9 de charge robuste de 2T avec une agilit\u00e9 exceptionnelle. Sa plateforme rabattable permet \u00e0 l&rsquo;op\u00e9rateur de passer instantan\u00e9ment de la conduite accompagn\u00e9e \u00e0 la conduite port\u00e9e, id\u00e9al pour les transferts de charges sur longues distances ou le d\u00e9chargement de camions.<\/p>\n<p data-path-to-node=\"5\">Gr\u00e2ce \u00e0 sa direction assist\u00e9e \u00e9lectronique, les man\u0153uvres dans les espaces restreints deviennent fluides et sans effort, r\u00e9duisant la fatigue de vos collaborateurs et les risques de TMS (Troubles Musculo-Squelettiques). \u00c9quip\u00e9 d&rsquo;un moteur performant E24V, ce mat\u00e9riel s\u00e9lection direct BT Toyota France garantit une fiabilit\u00e9 \u00e0 toute \u00e9preuve. Il est livr\u00e9 complet avec sa batterie et son chargeur, pr\u00eat \u00e0 int\u00e9grer votre flotte logistique imm\u00e9diatement pour booster vos cadences de pr\u00e9paration de commandes.<\/p>\n<p>Toutes nos machines sont <strong>r\u00e9vis\u00e9es<\/strong> et <strong><span style=\"color: #800000\">garanties, et certifi\u00e9es par un organisme ind\u00e9pendant.<br \/>\n<\/span><\/strong><\/p>\n<ul class=\"spip\">\n<li>Quatre niveaux de finition sont disponibles\u00a0:<br \/>\n\u2605\u2605\u00a0: Machine r\u00e9vis\u00e9e<br \/>\n\u2605\u2605\u2605\u00a0: Machine r\u00e9vis\u00e9e et en bon \u00e9tat (voile ou peinture partiel)<br \/>\n\u2605\u2605\u2605\u2605\u00a0: Machine reconditionn\u00e9e<br \/>\n\u2605\u2605\u2605\u2605\u2605\u00a0: Machine neuve<\/li>\n<\/ul>\n<p>Nous proposons des contrats avec <strong>intervention sur toute la France<\/strong> par le biais de nos partenaires locaux au sein de notre r\u00e9seau, qui se chargent de l&rsquo;entretien et de la maintenance de notre parc chariots \u00e9l\u00e9vateurs et de mat\u00e9riels de manutention.<\/p>\n<p>Avec un <strong>stock de plus de 300 chariots \u00e9l\u00e9vateurs d&rsquo;occasion<\/strong>, nous pouvons vous apporter une solution \u00e0 tous vos besoins en manutention, quelques soient l&rsquo;\u00e9nergie et le type de mat\u00e9riels souhait\u00e9s.<\/p>\n<p>Afin de pouvoir r\u00e9pondre \u00e0 100 % des demandes de nos clients, nous travaillons aussi avec des partenaires nationaux ce qui nous permet d&rsquo;apporter une r\u00e9ponse \u00e0 chaque demande, et ce, partout en France.<\/p>\n","protected":false},"excerpt":{"rendered":"<p><strong>REF<\/strong> : 8791<\/p>\n<p><strong>MARQUE<\/strong> : CAT (CATERPILLAR \u2013 Origine garantie)<\/p>\n<p><strong>MODELE<\/strong> : GP25NT<\/p>\n<p><strong>CAPACIT\u00c9<\/strong> : 2500 kg (2.5 tonnes)<\/p>\n<p><strong>\u00c9NERGIE<\/strong> : Thermique (GPL)<\/p>\n<p><strong>HEURES<\/strong> : 5403<\/p>\n<p><strong>M\u00c2T<\/strong> : Triplex (hauteur de lev\u00e9e 4700 mm \/ 4.7 m)<\/p>\n<p><strong>\u00c9QUIPEMENTS<\/strong> : TDL (d\u00e9placement lat\u00e9ral) + PPS<\/p>\n<p><strong>\u00c9CLAIRAGE<\/strong> : Feux de travail avant et arri\u00e8re<\/p>\n<p><strong>ROUAGE<\/strong> : Pneus pleins souples<\/p>\n<p><strong>ANN\u00c9E<\/strong> : 2020<\/p>\n<p>&nbsp;<\/p>\n<p>Chariot \u00e9l\u00e9vateur CAT GP25NT \u00e9quip\u00e9 d\u2019un m\u00e2t Triplex offrant une hauteur de lev\u00e9e de 4.7 m\u00e8tres, avec tablier \u00e0 d\u00e9placement lat\u00e9ral (TDL) permettant une pr\u00e9cision optimale lors des op\u00e9rations de manutention.<\/p>\n<p>&nbsp;<\/p>\n<p>&nbsp;<\/p>\n<p><strong>NOTRE PRESTATION A L\u2019ACHAT INCLUT :<\/strong><\/p>\n<p>MAT\u00c9RIEL R\u00c9VIS\u00c9<\/p>\n<p>PEINTURE COMPL\u00c8TE<\/p>\n<p>VGP (contr\u00f4le de s\u00e9curit\u00e9 effectu\u00e9 avant d\u00e9part)<\/p>\n<p>GARANTIE 6 MOIS<\/p>\n<p>TRANSPORT OFFERT EN IDF (livraison possible dans toute la France)<\/p>\n<p>DISPONIBLE IMM\u00c9DIATEMENT<\/p>\n<p>DISPONIBLE A L\u2019ACHAT OU A LA LOCATION (location en Ile de France uniquement).<\/p>\n<p>Chariot \u00e9l\u00e9vateur \u00e9quivalent aux marques suivantes :<br \/>\n#FENWICK #TOYOTA #STILL #JUNGHEINRICH #HYSTER #CAT<\/p>\n","protected":false},"featured_media":3117,"comment_status":"open","ping_status":"closed","template":"","meta":[],"product_cat":[17],"product_tag":[],"_links":{"self":[{"href":"https:\/\/lechariotelevateur.fr\/site\/wp-json\/wp\/v2\/product\/3112"}],"collection":[{"href":"https:\/\/lechariotelevateur.fr\/site\/wp-json\/wp\/v2\/product"}],"about":[{"href":"https:\/\/lechariotelevateur.fr\/site\/wp-json\/wp\/v2\/types\/product"}],"replies":[{"embeddable":true,"href":"https:\/\/lechariotelevateur.fr\/site\/wp-json\/wp\/v2\/comments?post=3112"}],"wp:featuredmedia":[{"embeddable":true,"href":"https:\/\/lechariotelevateur.fr\/site\/wp-json\/wp\/v2\/media\/3117"}],"wp:attachment":[{"href":"https:\/\/lechariotelevateur.fr\/site\/wp-json\/wp\/v2\/media?parent=3112"}],"wp:term":[{"taxonomy":"product_cat","embeddable":true,"href":"https:\/\/lechariotelevateur.fr\/site\/wp-json\/wp\/v2\/product_cat?post=3112"},{"taxonomy":"product_tag","embeddable":true,"href":"https:\/\/lechariotelevateur.fr\/site\/wp-json\/wp\/v2\/product_tag?post=3112"}],"curies":[{"name":"wp","href":"https:\/\/api.w.org\/{rel}","templated":true}]}}