{"id":3055,"date":"2026-04-03T13:16:27","date_gmt":"2026-04-03T13:16:27","guid":{"rendered":"https:\/\/lechariotelevateur.fr\/site\/?post_type=product&#038;p=3055"},"modified":"2026-04-03T15:04:19","modified_gmt":"2026-04-03T15:04:19","slug":"transpalette-electrique-1-5t-lithium-neuf-compact-et-haute-performance","status":"publish","type":"product","link":"https:\/\/lechariotelevateur.fr\/site\/nos-machines\/uncategorized\/transpalette-electrique-1-5t-lithium-neuf-compact-et-haute-performance\/","title":{"rendered":"Transpalette \u00e9lectrique CBD15J 1.5T lithium neuf \u2013 haute performance"},"content":{"rendered":"<p>Toutes nos machines sont\u00a0<strong>r\u00e9vis\u00e9es<\/strong>\u00a0et\u00a0<strong>garanties, et certifi\u00e9es par un organisme ind\u00e9pendant.<br \/>\n<\/strong><\/p>\n<ul class=\"spip\">\n<li>Quatre niveaux de finition sont disponibles\u00a0:<br \/>\n\u2605\u2605\u00a0: Machine r\u00e9vis\u00e9e<br \/>\n\u2605\u2605\u2605\u00a0: Machine r\u00e9vis\u00e9e et en bon \u00e9tat (voile ou peinture partiel)<br \/>\n\u2605\u2605\u2605\u2605\u00a0: Machine reconditionn\u00e9e<br \/>\n\u2605\u2605\u2605\u2605\u2605\u00a0: Machine neuve<\/li>\n<\/ul>\n<p>Nous proposons des contrats avec\u00a0<strong>intervention sur toute la France<\/strong>\u00a0par le biais de nos partenaires locaux au sein de notre r\u00e9seau, qui se chargent de l\u2019entretien et de la maintenance de notre parc chariots \u00e9l\u00e9vateurs et de mat\u00e9riels de manutention.<\/p>\n<p>Avec un\u00a0<strong>stock de plus de 300 chariots \u00e9l\u00e9vateurs d\u2019occasion<\/strong>, nous pouvons vous apporter une solution \u00e0 tous vos besoins en manutention, quelques soient l\u2019\u00e9nergie et le type de mat\u00e9riels souhait\u00e9s.<\/p>\n<p>Afin de pouvoir r\u00e9pondre \u00e0 100 % des demandes de nos clients, nous travaillons aussi avec des partenaires nationaux ce qui nous permet d\u2019apporter une r\u00e9ponse \u00e0 chaque demande, et ce, partout en France.<\/p>\n","protected":false},"excerpt":{"rendered":"<p><strong>TRANSPALETTE ELECTRIQUE 1500 KG NEUF :<\/strong><\/p>\n<p><strong>CAPACITE<\/strong>\u00a0: 1500 KG<\/p>\n<p><strong>BATTERIE<\/strong>\u00a0<strong>LITHIUM\u00a0<\/strong><\/p>\n<p><strong>BANDAGES \u2013 BATTERIE \u2013 CHARGEUR<\/strong><\/p>\n<p>&nbsp;<\/p>\n<p>&nbsp;<\/p>\n<p><strong>NOTRE PRESTATION A L\u2019ACHAT INCLUT :<\/strong><\/p>\n<p>MAT\u00c9RIEL GARANTI 12 MOIS PIECES<\/p>\n<p>LIVRAISON POSSIBLE DANS TOUTE LA FRANCE<\/p>\n<p>Transpalette \u00e9quivalent aux marques suivantes : #FENWICK, #BT TOYOTA, #STILL, #JUNGHEINRICH \u2026<\/p>\n<p>&nbsp;<\/p>\n<p data-start=\"448\" data-end=\"554\"><strong data-start=\"451\" data-end=\"552\">Un \u00e9quipement de manutention \u00e9lectrique alliant performance et \u00e9conomie pour optimiser vos co\u00fbts.\u00a0<\/strong><\/p>\n<p data-start=\"556\" data-end=\"869\">Ce transpalette lithium, simple d\u2019utilisation, fiable et maniable, est parfaitement adapt\u00e9 \u00e0 la manutention en entrep\u00f4t, zones logistiques et espaces restreints. Sa conception compacte, sa batterie amovible et ses syst\u00e8mes de s\u00e9curit\u00e9 avanc\u00e9s garantissent efficacit\u00e9 et confort d\u2019utilisation au quotidien.<\/p>\n<p data-start=\"556\" data-end=\"869\">Ce mat\u00e9riel constitue une alternative aux grandes marques telles que Fenwick, Toyota Material Handling, Still et Jungheinrich.<\/p>\n<p>\u00c9ligible aux aides CARSAT (selon conditions), accessibles \u00e0 partir d\u2019un investissement minimum d\u2019environ 1 300 \u20ac HT, avec des subventions pouvant atteindre jusqu\u2019\u00e0 25 000 \u20ac selon le programme en vigueur.<\/p>\n","protected":false},"featured_media":3063,"comment_status":"open","ping_status":"closed","template":"","meta":[],"product_cat":[100],"product_tag":[],"_links":{"self":[{"href":"https:\/\/lechariotelevateur.fr\/site\/wp-json\/wp\/v2\/product\/3055"}],"collection":[{"href":"https:\/\/lechariotelevateur.fr\/site\/wp-json\/wp\/v2\/product"}],"about":[{"href":"https:\/\/lechariotelevateur.fr\/site\/wp-json\/wp\/v2\/types\/product"}],"replies":[{"embeddable":true,"href":"https:\/\/lechariotelevateur.fr\/site\/wp-json\/wp\/v2\/comments?post=3055"}],"wp:featuredmedia":[{"embeddable":true,"href":"https:\/\/lechariotelevateur.fr\/site\/wp-json\/wp\/v2\/media\/3063"}],"wp:attachment":[{"href":"https:\/\/lechariotelevateur.fr\/site\/wp-json\/wp\/v2\/media?parent=3055"}],"wp:term":[{"taxonomy":"product_cat","embeddable":true,"href":"https:\/\/lechariotelevateur.fr\/site\/wp-json\/wp\/v2\/product_cat?post=3055"},{"taxonomy":"product_tag","embeddable":true,"href":"https:\/\/lechariotelevateur.fr\/site\/wp-json\/wp\/v2\/product_tag?post=3055"}],"curies":[{"name":"wp","href":"https:\/\/api.w.org\/{rel}","templated":true}]}}