{"id":3009,"date":"2026-02-27T12:59:56","date_gmt":"2026-02-27T12:59:56","guid":{"rendered":"https:\/\/lechariotelevateur.fr\/site\/?post_type=product&#038;p=3009"},"modified":"2026-02-27T12:59:56","modified_gmt":"2026-02-27T12:59:56","slug":"autolaveuse-noblelift-nb380-neuf","status":"publish","type":"product","link":"https:\/\/lechariotelevateur.fr\/site\/nos-machines\/nettoyage\/autolaveuse-noblelift-nb380-neuf\/","title":{"rendered":"AUTOLAVEUSE NOBLELIFT NB380 NEUF"},"content":{"rendered":"<table style=\"height: 364px\" width=\"538\">\n<tbody>\n<tr>\n<td>Diam\u00e8tre de nettoyage (diam. Brosse) mm<\/td>\n<td>380<\/td>\n<\/tr>\n<tr>\n<td>Largeur de la raclette (mm)<\/td>\n<td>\u00a0380<\/td>\n<\/tr>\n<tr>\n<td>Capacit\u00e9 du r\u00e9servoir produit<\/td>\n<td>10L<\/td>\n<\/tr>\n<tr>\n<td>Capacit\u00e9 du r\u00e9servoir de r\u00e9cup\u00e9ration<\/td>\n<td>10L<\/td>\n<\/tr>\n<tr>\n<td>Capacit\u00e9 de nettoyage (m\u00b2\/h)<\/td>\n<td>1140 m\u00b2\/h<\/td>\n<\/tr>\n<tr>\n<td>Temps de travail continu<\/td>\n<td>\u00a01,5 \u00e0 2 heures<\/td>\n<\/tr>\n<tr>\n<td>Batterie (V)<\/td>\n<td>\u00a024<\/td>\n<\/tr>\n<tr>\n<td>Capacit\u00e9 de la batterie (Ah)<\/td>\n<td>100<\/td>\n<\/tr>\n<tr>\n<td>Poids\u00a0 (kg)<\/td>\n<td>58.5<\/td>\n<\/tr>\n<tr>\n<td>Dimensions (l x L x h)\u00a0 (mm)<\/td>\n<td>\u00a0700 x 430 x 1200<\/td>\n<\/tr>\n<tr>\n<td><\/td>\n<td><\/td>\n<\/tr>\n<tr>\n<td><\/td>\n<td><\/td>\n<\/tr>\n<\/tbody>\n<\/table>\n<p>&nbsp;<\/p>\n","protected":false},"excerpt":{"rendered":"<p><strong>Marque\u00a0:<\/strong> NOBLELIFT<\/p>\n<p><strong>Mod\u00e8le\u00a0:<\/strong> NB380<\/p>\n<p><strong>Diam\u00e8tre de nettoyage (diam. Brosse) :<\/strong> 380 MM<\/p>\n<p><strong>Largeur de la raclette :<\/strong> 380 MM<\/p>\n<p><strong>Capacit\u00e9 du r\u00e9servoir produit :<\/strong> 10L<\/p>\n<p><strong>Capacit\u00e9 du r\u00e9servoir de r\u00e9cup\u00e9ration :<\/strong> 10L<\/p>\n<p><strong>Capacit\u00e9 de nettoyage (surface\/temps) :<\/strong> 1140m\u00b2\/h<\/p>\n<p><strong>Temps de travail continu :<\/strong> 1,5 \u00e0 2 heures<\/p>\n<p><strong>Tension de la batterie :<\/strong> 24 V<\/p>\n<p><strong>Capacit\u00e9 de la batterie :<\/strong> 100 Ah<\/p>\n<p><strong>Poids :<\/strong> 58,5 kg<\/p>\n<p><strong>Dimensions :<\/strong> 700 \u00d7 430 \u00d7 1200 (l x L x h) mm<\/p>\n<p>&nbsp;<\/p>\n<p><img src=\"https:\/\/lechariotelevateur.fr\/site\/wp-content\/uploads\/2017\/04\/etoiles-etat-5-5.png\" \/><\/p>\n<p>&nbsp;<\/p>\n<p><strong><em><u>NOTRE PRESTATION ACHAT INCLUT\u00a0: <\/u><\/em><\/strong><\/p>\n<p>GARANTIE TOTALE DE 12\u00a0MOIS. (PIECES, MAIN D\u2019\u0152UVRE ET DEPLACEMENTS)<\/p>\n","protected":false},"featured_media":3012,"comment_status":"open","ping_status":"closed","template":"","meta":[],"product_cat":[100,96],"product_tag":[],"_links":{"self":[{"href":"https:\/\/lechariotelevateur.fr\/site\/wp-json\/wp\/v2\/product\/3009"}],"collection":[{"href":"https:\/\/lechariotelevateur.fr\/site\/wp-json\/wp\/v2\/product"}],"about":[{"href":"https:\/\/lechariotelevateur.fr\/site\/wp-json\/wp\/v2\/types\/product"}],"replies":[{"embeddable":true,"href":"https:\/\/lechariotelevateur.fr\/site\/wp-json\/wp\/v2\/comments?post=3009"}],"wp:featuredmedia":[{"embeddable":true,"href":"https:\/\/lechariotelevateur.fr\/site\/wp-json\/wp\/v2\/media\/3012"}],"wp:attachment":[{"href":"https:\/\/lechariotelevateur.fr\/site\/wp-json\/wp\/v2\/media?parent=3009"}],"wp:term":[{"taxonomy":"product_cat","embeddable":true,"href":"https:\/\/lechariotelevateur.fr\/site\/wp-json\/wp\/v2\/product_cat?post=3009"},{"taxonomy":"product_tag","embeddable":true,"href":"https:\/\/lechariotelevateur.fr\/site\/wp-json\/wp\/v2\/product_tag?post=3009"}],"curies":[{"name":"wp","href":"https:\/\/api.w.org\/{rel}","templated":true}]}}