{"id":2998,"date":"2026-02-27T11:26:02","date_gmt":"2026-02-27T11:26:02","guid":{"rendered":"https:\/\/lechariotelevateur.fr\/site\/?post_type=product&#038;p=2998"},"modified":"2026-02-27T11:32:41","modified_gmt":"2026-02-27T11:32:41","slug":"autolaveuse-noblelift-nb460-neuf","status":"publish","type":"product","link":"https:\/\/lechariotelevateur.fr\/site\/nos-machines\/nettoyage\/autolaveuse-noblelift-nb460-neuf\/","title":{"rendered":"AUTOLAVEUSE NOBLELIFT NB460 NEUF"},"content":{"rendered":"<h3>Donn\u00e9es techniques<\/h3>\n<table style=\"height: 364px\" width=\"538\">\n<tbody>\n<tr>\n<td>Diam\u00e8tre de nettoyage (diam. Brosse) mm<\/td>\n<td>460<\/td>\n<\/tr>\n<tr>\n<td>Largeur de la raclette (mm)<\/td>\n<td>\u00a046<\/td>\n<\/tr>\n<tr>\n<td>Capacit\u00e9 du r\u00e9servoir produit<\/td>\n<td>25L<\/td>\n<\/tr>\n<tr>\n<td>Capacit\u00e9 du r\u00e9servoir de r\u00e9cup\u00e9ration<\/td>\n<td>25L<\/td>\n<\/tr>\n<tr>\n<td>Capacit\u00e9 de nettoyage (m\u00b2\/h)<\/td>\n<td>1840 m\u00b2\/h<\/td>\n<\/tr>\n<tr>\n<td>Temps de travail continu<\/td>\n<td>\u00a05 \u00e0 6 heures<\/td>\n<\/tr>\n<tr>\n<td>Batterie (V)<\/td>\n<td>\u00a024<\/td>\n<\/tr>\n<tr>\n<td>Capacit\u00e9 de la batterie (Ah)<\/td>\n<td>100<\/td>\n<\/tr>\n<tr>\n<td>Poids\u00a0 (kg)<\/td>\n<td>120<\/td>\n<\/tr>\n<tr>\n<td>Dimensions (l x L x h)\u00a0 (mm)<\/td>\n<td>\u00a0990 x 450 x 1050<\/td>\n<\/tr>\n<tr>\n<td><\/td>\n<td><\/td>\n<\/tr>\n<tr>\n<td><\/td>\n<td><\/td>\n<\/tr>\n<\/tbody>\n<\/table>\n<p>&nbsp;<\/p>\n<p>&nbsp;<\/p>\n","protected":false},"excerpt":{"rendered":"<p><strong>REF :<\/strong> Neuf<\/p>\n<p><strong>Marque\u00a0:<\/strong> NOBLELIFT<\/p>\n<p><strong>Mod\u00e8le\u00a0:<\/strong> NB460<\/p>\n<p><strong>Diam\u00e8tre de nettoyage (diam. Brosse) :<\/strong> 460 MM<\/p>\n<p><strong>Largeur de la raclette :<\/strong> 46 MM<\/p>\n<p><strong>Capacit\u00e9 du r\u00e9servoir produit :<\/strong> 25L<\/p>\n<p><strong>Capacit\u00e9 du r\u00e9servoir de r\u00e9cup\u00e9ration :<\/strong> 25L<\/p>\n<p><strong>Capacit\u00e9 de nettoyage (surface\/temps) :<\/strong> 1840m\u00b2\/h<\/p>\n<p><strong>Temps de travail continu :<\/strong> 5 \u00e0 6 heures<\/p>\n<p><strong>Batterie :<\/strong>\u00a024 V<\/p>\n<p><strong>Capacit\u00e9 de la batterie :<\/strong> 100 Ah<\/p>\n<p><strong>Poids :<\/strong> 120 kg<\/p>\n<p><strong>Dimensions :<\/strong> 990 \u00d7 450 \u00d7 1050 (l x L x h) mm<\/p>\n<p>&nbsp;<\/p>\n<p><img src=\"https:\/\/lechariotelevateur.fr\/site\/wp-content\/uploads\/2017\/04\/etoiles-etat-5-5.png\" \/><\/p>\n<p>&nbsp;<\/p>\n<p><strong><em><u>NOTRE PRESTATION ACHAT INCLUT\u00a0: <\/u><\/em><\/strong><\/p>\n<p>GARANTIE TOTALE DE 12\u00a0MOIS. (PIECES, MAIN D\u2019\u0152UVRE ET DEPLACEMENTS)<\/p>\n","protected":false},"featured_media":3005,"comment_status":"open","ping_status":"closed","template":"","meta":[],"product_cat":[96],"product_tag":[],"_links":{"self":[{"href":"https:\/\/lechariotelevateur.fr\/site\/wp-json\/wp\/v2\/product\/2998"}],"collection":[{"href":"https:\/\/lechariotelevateur.fr\/site\/wp-json\/wp\/v2\/product"}],"about":[{"href":"https:\/\/lechariotelevateur.fr\/site\/wp-json\/wp\/v2\/types\/product"}],"replies":[{"embeddable":true,"href":"https:\/\/lechariotelevateur.fr\/site\/wp-json\/wp\/v2\/comments?post=2998"}],"wp:featuredmedia":[{"embeddable":true,"href":"https:\/\/lechariotelevateur.fr\/site\/wp-json\/wp\/v2\/media\/3005"}],"wp:attachment":[{"href":"https:\/\/lechariotelevateur.fr\/site\/wp-json\/wp\/v2\/media?parent=2998"}],"wp:term":[{"taxonomy":"product_cat","embeddable":true,"href":"https:\/\/lechariotelevateur.fr\/site\/wp-json\/wp\/v2\/product_cat?post=2998"},{"taxonomy":"product_tag","embeddable":true,"href":"https:\/\/lechariotelevateur.fr\/site\/wp-json\/wp\/v2\/product_tag?post=2998"}],"curies":[{"name":"wp","href":"https:\/\/api.w.org\/{rel}","templated":true}]}}