{"id":2953,"date":"2026-02-12T14:44:53","date_gmt":"2026-02-12T14:44:53","guid":{"rendered":"https:\/\/lechariotelevateur.fr\/site\/?post_type=product&#038;p=2953"},"modified":"2026-02-12T14:47:41","modified_gmt":"2026-02-12T14:47:41","slug":"chariot-frontal-electrique-toyota-8fbe18t-2017","status":"publish","type":"product","link":"https:\/\/lechariotelevateur.fr\/site\/nos-machines\/chariots-elevateurs\/chariot-frontal-electrique-toyota-8fbe18t-2017\/","title":{"rendered":"Chariot Frontal \u00c9lectrique TOYOTA 8FBE18T 2017"},"content":{"rendered":"<p>Toutes nos machines sont <strong>r\u00e9vis\u00e9es<\/strong> et <strong><span style=\"color: #800000\">garanties, et certifi\u00e9es par un organisme ind\u00e9pendant.<br \/>\n<\/span><\/strong><\/p>\n<ul class=\"spip\">\n<li>Quatre niveaux de finition sont disponibles\u00a0:<br \/>\n\u2605\u2605\u00a0: Machine r\u00e9vis\u00e9e<br \/>\n\u2605\u2605\u2605\u00a0: Machine r\u00e9vis\u00e9e et en bon \u00e9tat (voile ou peinture partiel)<br \/>\n\u2605\u2605\u2605\u2605\u00a0: Machine reconditionn\u00e9e<br \/>\n\u2605\u2605\u2605\u2605\u2605\u00a0: Machine neuve<\/li>\n<\/ul>\n<p>Nous proposons des contrats avec <strong>intervention sur toute la France<\/strong> par le biais de nos partenaires locaux au sein de notre r\u00e9seau, qui se chargent de l&rsquo;entretien et de la maintenance de notre parc chariots \u00e9l\u00e9vateurs et de mat\u00e9riels de manutention.<\/p>\n<p>Avec un <strong>stock de plus de 300 chariots \u00e9l\u00e9vateurs d&rsquo;occasion<\/strong>, nous pouvons vous apporter une solution \u00e0 tous vos besoins en manutention, quelques soient l&rsquo;\u00e9nergie et le type de mat\u00e9riels souhait\u00e9s.<\/p>\n<p>Afin de pouvoir r\u00e9pondre \u00e0 100 % des demandes de nos clients, nous travaillons aussi avec des partenaires nationaux ce qui nous permet d&rsquo;apporter une r\u00e9ponse \u00e0 chaque demande, et ce, partout en France.<\/p>\n","protected":false},"excerpt":{"rendered":"<p><strong>Chariot Frontal \u00c9lectrique TOYOTA 8FBE18T 2017\u00a0:\u00a0<\/strong><\/p>\n<p><em><strong>REF : 8435<\/strong><\/em><\/p>\n<p><strong>MARQUE : TOYOYA.<\/strong><\/p>\n<p><strong>TYPE : 8FBE18T.<\/strong><\/p>\n<p><strong>CAPACITE<\/strong> : 1800 KG.<\/p>\n<p><b>DUPLEX LL\u00a0 :<\/b> 3300 MM.<\/p>\n<p><strong>ANNEE :<\/strong>\u00a02017.<\/p>\n<p><strong>NOMBRE D\u2019HEURES :<\/strong> 1220.<\/p>\n<p><strong>TRANSLATEUR DE FOURCHES.<\/strong><\/p>\n<p><strong>PINCE ELECTROMENAGER.<\/strong><\/p>\n<p><strong>ECLAIRAGES COMPLET.<\/strong><\/p>\n<p><strong>PNEUS PLEINS SOUPLES.<\/strong><\/p>\n<p><strong>CABINE SANS PORTE.<\/strong><\/p>\n<p>&nbsp;<\/p>\n<p><strong><u>NOTRE PRESTATION A L\u2019ACHAT INCLUT :<\/u><\/strong><\/p>\n<p>R\u00c9VISION + PEINTURE + VGP + MAT\u00c9RIEL GARANTI.<\/p>\n<p>LIVRAISON POSSIBLE DANS TOUTE LA FRANCE.<\/p>\n<p>DISPONIBLE A L\u2019ACHAT OU A LA LOCATION (location en Ile de France uniquement).<\/p>\n<p>Chariot \u00e9l\u00e9vateur \u00e9quivalent aux marques suivantes :#BT TOYOTA, #STILL, #JUNGHEINRICH \u2026<\/p>\n<p>&nbsp;<\/p>\n<p><img decoding=\"async\" src=\"https:\/\/lechariotelevateur.fr\/site\/wp-content\/uploads\/2017\/04\/etoiles-etat-4-5.png\" \/><\/p>\n","protected":false},"featured_media":2957,"comment_status":"open","ping_status":"closed","template":"","meta":[],"product_brand":[],"product_cat":[17],"product_tag":[],"class_list":{"0":"post-2953","1":"product","2":"type-product","3":"status-publish","4":"has-post-thumbnail","6":"product_cat-chariots-elevateurs","7":"pa_capacite-cap-1-a-2","8":"pa_energie-electrique","9":"pa_hauteur-de-levee-levee-3-a-5","10":"pa_neuf-occasion-occasion","11":"pa_pneus-pneus-pleins","13":"first","14":"instock","15":"taxable","16":"shipping-taxable","17":"purchasable","18":"product-type-simple"},"_links":{"self":[{"href":"https:\/\/lechariotelevateur.fr\/site\/wp-json\/wp\/v2\/product\/2953","targetHints":{"allow":["GET"]}}],"collection":[{"href":"https:\/\/lechariotelevateur.fr\/site\/wp-json\/wp\/v2\/product"}],"about":[{"href":"https:\/\/lechariotelevateur.fr\/site\/wp-json\/wp\/v2\/types\/product"}],"replies":[{"embeddable":true,"href":"https:\/\/lechariotelevateur.fr\/site\/wp-json\/wp\/v2\/comments?post=2953"}],"wp:featuredmedia":[{"embeddable":true,"href":"https:\/\/lechariotelevateur.fr\/site\/wp-json\/wp\/v2\/media\/2957"}],"wp:attachment":[{"href":"https:\/\/lechariotelevateur.fr\/site\/wp-json\/wp\/v2\/media?parent=2953"}],"wp:term":[{"taxonomy":"product_brand","embeddable":true,"href":"https:\/\/lechariotelevateur.fr\/site\/wp-json\/wp\/v2\/product_brand?post=2953"},{"taxonomy":"product_cat","embeddable":true,"href":"https:\/\/lechariotelevateur.fr\/site\/wp-json\/wp\/v2\/product_cat?post=2953"},{"taxonomy":"product_tag","embeddable":true,"href":"https:\/\/lechariotelevateur.fr\/site\/wp-json\/wp\/v2\/product_tag?post=2953"}],"curies":[{"name":"wp","href":"https:\/\/api.w.org\/{rel}","templated":true}]}}