{"id":2848,"date":"2025-02-17T09:49:47","date_gmt":"2025-02-17T09:49:47","guid":{"rendered":"https:\/\/lechariotelevateur.fr\/site\/?post_type=product&#038;p=2848"},"modified":"2026-04-16T11:38:47","modified_gmt":"2026-04-16T11:38:47","slug":"mini-pelle-r22-2-pro-rippa-neuve-moteur-kubota-3-godets-brh","status":"publish","type":"product","link":"https:\/\/lechariotelevateur.fr\/site\/nos-machines\/autres\/mini-pelle-r22-2-pro-rippa-neuve-moteur-kubota-3-godets-brh\/","title":{"rendered":"Mini Pelle R22-2 PRO RIPPA NEUVE MOTEUR KUBOTA + 3 GODETS"},"content":{"rendered":"<h2 data-section-id=\"1fivn99\" data-start=\"2357\" data-end=\"2387\">Pourquoi choisir Taurand<\/h2>\n<ul data-start=\"2389\" data-end=\"2759\">\n<li data-section-id=\"1pgo90x\" data-start=\"2389\" data-end=\"2455\">Entreprise bas\u00e9e dans le Val d\u2019Oise (95) depuis plus de 30 ans<\/li>\n<li data-section-id=\"kxuen7\" data-start=\"2456\" data-end=\"2496\">Revendeur officiel RIPPA (1T \u00e0 3.5T)<\/li>\n<li data-section-id=\"v52zpf\" data-start=\"2497\" data-end=\"2537\">Livraison rapide sur toute la France<\/li>\n<li data-section-id=\"gf1rvk\" data-start=\"2538\" data-end=\"2580\">Service apr\u00e8s-vente r\u00e9alis\u00e9 en atelier<\/li>\n<li data-section-id=\"u91h2y\" data-start=\"2581\" data-end=\"2619\">R\u00e9seau national de partenaires SAV<\/li>\n<li data-section-id=\"1yervma\" data-start=\"2620\" data-end=\"2668\">Large disponibilit\u00e9 de pi\u00e8ces et accessoires<\/li>\n<li data-section-id=\"16j4l0\" data-start=\"2669\" data-end=\"2714\">\u00c9quipe technique en \u00cele-de-France et Oise<\/li>\n<\/ul>\n<p>Toutes nos machines sont <strong>r\u00e9vis\u00e9es<\/strong> et <strong><span style=\"color: #800000\">garanties, et certifi\u00e9es par un organisme ind\u00e9pendant.<br \/>\n<\/span><\/strong><\/p>\n<ul class=\"spip\">\n<li>Quatre niveaux de finition sont disponibles\u00a0:<br \/>\n\u2605\u2605\u00a0: Machine r\u00e9vis\u00e9e<br \/>\n\u2605\u2605\u2605\u00a0: Machine r\u00e9vis\u00e9e et en bon \u00e9tat (voile ou peinture partiel)<br \/>\n\u2605\u2605\u2605\u2605\u00a0: Machine reconditionn\u00e9e<br \/>\n\u2605\u2605\u2605\u2605\u2605\u00a0: Machine neuve<\/li>\n<\/ul>\n<p>&nbsp;<\/p>\n","protected":false},"excerpt":{"rendered":"<p>La mini pelle \/ minipelle <span class=\"hover:entity-accent entity-underline inline cursor-pointer align-baseline\"><span class=\"whitespace-normal\">RIPPA<\/span><\/span> R22-2 PRO est \u00e9quip\u00e9e d\u2019une <strong data-start=\"167\" data-end=\"216\">cabine ferm\u00e9e avec chauffage et climatisation<\/strong>, offrant un confort optimal pour travailler efficacement en toutes saisons, m\u00eame dans des conditions difficiles.<\/p>\n<p>&nbsp;<\/p>\n<p>R\u00e9f : 7892<\/p>\n<p>Marque : RIPPA<\/p>\n<p>Mod\u00e8le : R22-2 PRO<\/p>\n<p>Moteur trois cylindres Kubota D1105 (18,2 kW)<\/p>\n<p>2.5 tonnes<\/p>\n<p>Profondeur de fouille : 225 cm<\/p>\n<p>Options :<\/p>\n<p>&#8211; Attache rapide hydraulique<\/p>\n<p>&#8211; Godet de 200mm &#8211; 400mm &#8211; 800mm<\/p>\n<p>&#8211; \u00c9quiper d&rsquo;une lame (racleur)<\/p>\n<p>&#8211; Radiateur d&rsquo;huile hydraulique<\/p>\n<p>&#8211; Si\u00e8ge confortable avec accoudoirs<\/p>\n<p>&#8211; Verrouillage hydraulique<\/p>\n<p>&#8211; Phares LED<\/p>\n<p>&#8211; Fonction d&rsquo;oscillation lat\u00e9rale de fl\u00e8che<\/p>\n<p>&#8211; Fonction t\u00e9lescopique de piste<\/p>\n<p>&#8211; Op\u00e9ration bilat\u00e9rale<\/p>\n<p>&#8211; Syst\u00e8me d&rsquo;exploitation pilote (peut effectuer des op\u00e9rations composites)<\/p>\n<p>&#8211; Ch\u00e2ssis t\u00e9lescopique<\/p>\n<p>&#8211; Balan\u00e7oire lat\u00e9rale de la fl\u00e8che<\/p>\n<p>&#8211; Moteur int\u00e9gr\u00e9<\/p>\n<p>&#8211; Modes haute et basse vitesse<\/p>\n<p>&#8211; Pompe \u00e0 piston variable<\/p>\n<p>&#8211; Cabine chauffante et refroidissante.<\/p>\n<p>Parfait pour les travaux de constructions, terrassement et am\u00e9nagement de jardin.<\/p>\n<p>Plusieurs accessoires peuvent \u00eatre install\u00e9s sur la mini-pelle (deuxi\u00e8me image).<\/p>\n<p>&nbsp;<\/p>\n<p>NOTRE PRESTATION A L\u2019ACHAT INCLUS :<br \/>\nGarantie constructeur 24 mois ou 1000 heures premier terme atteint.<\/p>\n<p>&nbsp;<\/p>\n<p><strong>Livraison dans toute la France.<\/strong><\/p>\n<p>&nbsp;<\/p>\n<p>Mini pelle excavatrice \u00e9quivalente aux pelleteuse de marques telles que : BOBCAT, KUBOTA, TAKEUCHI, YANMAR, JCB.<\/p>\n","protected":false},"featured_media":2898,"comment_status":"open","ping_status":"closed","template":"","meta":[],"product_cat":[64],"product_tag":[],"_links":{"self":[{"href":"https:\/\/lechariotelevateur.fr\/site\/wp-json\/wp\/v2\/product\/2848"}],"collection":[{"href":"https:\/\/lechariotelevateur.fr\/site\/wp-json\/wp\/v2\/product"}],"about":[{"href":"https:\/\/lechariotelevateur.fr\/site\/wp-json\/wp\/v2\/types\/product"}],"replies":[{"embeddable":true,"href":"https:\/\/lechariotelevateur.fr\/site\/wp-json\/wp\/v2\/comments?post=2848"}],"wp:featuredmedia":[{"embeddable":true,"href":"https:\/\/lechariotelevateur.fr\/site\/wp-json\/wp\/v2\/media\/2898"}],"wp:attachment":[{"href":"https:\/\/lechariotelevateur.fr\/site\/wp-json\/wp\/v2\/media?parent=2848"}],"wp:term":[{"taxonomy":"product_cat","embeddable":true,"href":"https:\/\/lechariotelevateur.fr\/site\/wp-json\/wp\/v2\/product_cat?post=2848"},{"taxonomy":"product_tag","embeddable":true,"href":"https:\/\/lechariotelevateur.fr\/site\/wp-json\/wp\/v2\/product_tag?post=2848"}],"curies":[{"name":"wp","href":"https:\/\/api.w.org\/{rel}","templated":true}]}}