{"id":2288,"date":"2023-07-28T08:20:20","date_gmt":"2023-07-28T08:20:20","guid":{"rendered":"https:\/\/lechariotelevateur.fr\/site\/?post_type=product&#038;p=2288"},"modified":"2025-03-12T13:26:12","modified_gmt":"2025-03-12T13:26:12","slug":"autolaveuse-noblelift-nr530-neuf","status":"publish","type":"product","link":"https:\/\/lechariotelevateur.fr\/site\/nos-machines\/nettoyage\/autolaveuse-noblelift-nr530-neuf\/","title":{"rendered":"AUTOLAVEUSE NOBLELIFT NR530 NEUF"},"content":{"rendered":"<h3>Donn\u00e9es techniques<\/h3>\n<table width=\"539\">\n<tbody>\n<tr>\n<td>Largeur de travail brosse (mm)<\/td>\n<td>750<\/td>\n<\/tr>\n<tr>\n<td>Largeur de travail en aspiration (mm)<\/td>\n<td>940<\/td>\n<\/tr>\n<tr>\n<td>Puissance (W)<\/td>\n<td>2100<\/td>\n<\/tr>\n<tr>\n<td>Batterie (V)<\/td>\n<td>24<\/td>\n<\/tr>\n<tr>\n<td>Capacit\u00e9 de la batterie (Ah)<\/td>\n<td>240<\/td>\n<\/tr>\n<tr>\n<td>R\u00e9servoir eau propre\/sale (l)<\/td>\n<td>140\/140<\/td>\n<\/tr>\n<tr>\n<td>Dimensions (l x L x h)\u00a0 (mm)<\/td>\n<td>1550 x 870 x 1500<\/td>\n<\/tr>\n<tr>\n<td>Rendement surfacique max. (m\u00b2\/h)<\/td>\n<td>5400<\/td>\n<\/tr>\n<tr>\n<td>Poids\u00a0 (kg)<\/td>\n<td>395<\/td>\n<\/tr>\n<tr>\n<td><\/td>\n<td><\/td>\n<\/tr>\n<tr>\n<td><\/td>\n<td><\/td>\n<\/tr>\n<tr>\n<td><\/td>\n<td><\/td>\n<\/tr>\n<\/tbody>\n<\/table>\n<p>&nbsp;<\/p>\n<hr \/>\n<hr \/>\n<p><strong>CARACT\u00c9RISTIQUES<span style=\"font-size: 16px\"> ET AVANTAGES<\/span><\/strong><\/p>\n<div class=\"row\">\n<div class=\"col-sm-12\">\n<div class=\"row featurebenefits-row\">\n<div class=\"col-sm-5\">\n<div class=\"row featurebenefits-row\">\n<div class=\"col-sm-7 col-no-padding\">\n<p><strong>\u00a0 \u00a0 \u00a0 1. Dimensions compactes et rayon de braquage de 90\u00b0<\/strong><\/p>\n<div class=\"row featurebenefits-row\">\n<div class=\"col-sm-7 col-no-padding\">\n<ul>\n<li>Pour une meilleur mobilit\u00e9 et une grande man\u0153uvrabilit\u00e9.<\/li>\n<li>Seules les largeurs de 870 et 930 mm conviennent pour les all\u00e9es \u00e9troites.<\/li>\n<\/ul>\n<p><strong>\u00a02. Acc\u00e8s facile aux batterie et aux autres composants<\/strong><\/p>\n<ul>\n<li>Pour un entretien rapide et facile.<\/li>\n<\/ul>\n<p><strong> \u00a03. Bouton de commande intuitif\u00a0<\/strong><\/p>\n<ul>\n<li>Fonctionnement simple. Les fonctions de base sont contr\u00f4l\u00e9es par le bouton de commande unique.<\/li>\n<li>Toutes les informations importantes et les r\u00e9glages sont affich\u00e9s sur l&rsquo;\u00e9cran d&rsquo;affichage.<\/li>\n<\/ul>\n<\/div>\n<\/div>\n<p><strong>\u00a0 \u00a0 \u00a0 \u00a04. Puissant moteur \u00e0 traction 600W permettant une vitesse allant jusqu&rsquo;\u00e0 6 km par heure<\/strong><\/p>\n<ul>\n<li>Franchissement des d\u00e9clivit\u00e9s jusqu&rsquo;\u00e0 15%<\/li>\n<li>Frein int\u00e9gr\u00e9 pour plus de s\u00e9curit\u00e9.<\/li>\n<\/ul>\n<\/div>\n<\/div>\n<div class=\"row featurebenefits-row\">\n<div class=\"col-sm-5\">\n<h5><\/h5>\n<\/div>\n<\/div>\n<\/div>\n<\/div>\n<\/div>\n<\/div>\n","protected":false},"excerpt":{"rendered":"<p><strong>Ref 6731 :<\/strong><\/p>\n<p>Autolaveuse autoport\u00e9 NOBLELIFT NR530<\/p>\n<p>Ann\u00e9e : 2025<\/p>\n<p>Largeur de nettoyage 780 mm<\/p>\n<p>Surface max<\/p>\n<p>3100 M2 \/ Heure<\/p>\n<p><strong>MATERIEL NEUF ET GARANTI 12 MOIS<\/strong><\/p>\n","protected":false},"featured_media":2289,"comment_status":"open","ping_status":"closed","template":"","meta":[],"product_cat":[96],"product_tag":[],"_links":{"self":[{"href":"https:\/\/lechariotelevateur.fr\/site\/wp-json\/wp\/v2\/product\/2288"}],"collection":[{"href":"https:\/\/lechariotelevateur.fr\/site\/wp-json\/wp\/v2\/product"}],"about":[{"href":"https:\/\/lechariotelevateur.fr\/site\/wp-json\/wp\/v2\/types\/product"}],"replies":[{"embeddable":true,"href":"https:\/\/lechariotelevateur.fr\/site\/wp-json\/wp\/v2\/comments?post=2288"}],"wp:featuredmedia":[{"embeddable":true,"href":"https:\/\/lechariotelevateur.fr\/site\/wp-json\/wp\/v2\/media\/2289"}],"wp:attachment":[{"href":"https:\/\/lechariotelevateur.fr\/site\/wp-json\/wp\/v2\/media?parent=2288"}],"wp:term":[{"taxonomy":"product_cat","embeddable":true,"href":"https:\/\/lechariotelevateur.fr\/site\/wp-json\/wp\/v2\/product_cat?post=2288"},{"taxonomy":"product_tag","embeddable":true,"href":"https:\/\/lechariotelevateur.fr\/site\/wp-json\/wp\/v2\/product_tag?post=2288"}],"curies":[{"name":"wp","href":"https:\/\/api.w.org\/{rel}","templated":true}]}}