{"id":1874,"date":"2022-04-13T08:38:36","date_gmt":"2022-04-13T08:38:36","guid":{"rendered":"https:\/\/lechariotelevateur.fr\/site\/?post_type=product&#038;p=1874"},"modified":"2025-11-24T14:23:46","modified_gmt":"2025-11-24T14:23:46","slug":"yale-glp40vx5","status":"publish","type":"product","link":"https:\/\/lechariotelevateur.fr\/site\/nos-machines\/chariots-elevateurs\/yale-glp40vx5\/","title":{"rendered":"YALE GLP40VX5"},"content":{"rendered":"<p>Toutes nos machines sont <strong>r\u00e9vis\u00e9es<\/strong> et <strong><span style=\"color: #800000\">garanties, et certifi\u00e9es par un organisme ind\u00e9pendant.<br \/>\n<\/span><\/strong><\/p>\n<ul class=\"spip\">\n<li>Quatre niveaux de finition sont disponibles\u00a0:<br \/>\n\u2605\u2605\u00a0: Machine r\u00e9vis\u00e9e<br \/>\n\u2605\u2605\u2605\u00a0: Machine r\u00e9vis\u00e9e et en bon \u00e9tat (voile ou peinture partiel)<br \/>\n\u2605\u2605\u2605\u2605\u00a0: Machine reconditionn\u00e9e<br \/>\n\u2605\u2605\u2605\u2605\u2605\u00a0: Machine neuve<\/li>\n<\/ul>\n<p>Nous proposons des contrats avec <strong>intervention sur toute la France<\/strong> par le biais de nos partenaires locaux au sein de notre r\u00e9seau, qui se chargent de l&rsquo;entretien et de la maintenance de notre parc chariots \u00e9l\u00e9vateurs et de mat\u00e9riels de manutention.<\/p>\n<p>Avec un <strong>stock de plus de 300 chariots \u00e9l\u00e9vateurs d&rsquo;occasion<\/strong>, nous pouvons vous apporter une solution \u00e0 tous vos besoins en manutention, quelques soient l&rsquo;\u00e9nergie et le type de mat\u00e9riels souhait\u00e9s.<\/p>\n<p>Afin de pouvoir r\u00e9pondre \u00e0 100 % des demandes de nos clients, nous travaillons aussi avec des partenaires nationaux ce qui nous permet d&rsquo;apporter une r\u00e9ponse \u00e0 chaque demande, et ce, partout en France.<\/p>\n<p>&nbsp;<\/p>\n","protected":false},"excerpt":{"rendered":"<p><strong><span style=\"text-decoration: underline\">CHARIOT ELEVATEUR GAZ 4000 KG OCCASION :<\/span><\/strong><\/p>\n<p>R\u00e9f. 5710- 4 Tonnes &#8211; Gaz &#8211; Ann\u00e9e 2007 &#8211; NB Heures : 7598<br \/>\nTriplex LL 4900 mm &#8211; PPS &#8211; TDL &#8211; Cabine compl\u00e8te &#8211; Eclairage<\/p>\n<p>&nbsp;<\/p>\n<p><strong><u>NOTRE PRESTATION A L\u2019ACHAT INCLUT : <\/u><\/strong><\/p>\n<p>R\u00c9VISION + PEINTURE + VGP + MAT\u00c9RIEL GARANTI.<\/p>\n<p>LIVRAISON POSSIBLE DANS TOUTE LA FRANCE.<\/p>\n<p>DISPONIBLE A L&rsquo;ACHAT OU A LA LOCATION (location en Ile de France uniquement).<\/p>\n<p>Chariot \u00e9l\u00e9vateur \u00e9quivalent aux marques suivantes : #FENWICK, #BT TOYOTA, #STILL, #JUNGHEINRICH \u2026<\/p>\n<p>&nbsp;<\/p>\n<p><img loading=\"lazy\" class=\"rsdb_etoiles alignnone wp-image-134 size-full\" src=\"https:\/\/lechariotelevateur.fr\/site\/wp-content\/uploads\/2017\/04\/etoiles-etat-4-5.png\" alt=\"\" width=\"117\" height=\"20\" \/><\/p>\n","protected":false},"featured_media":1875,"comment_status":"open","ping_status":"closed","template":"","meta":[],"product_cat":[17],"product_tag":[],"_links":{"self":[{"href":"https:\/\/lechariotelevateur.fr\/site\/wp-json\/wp\/v2\/product\/1874"}],"collection":[{"href":"https:\/\/lechariotelevateur.fr\/site\/wp-json\/wp\/v2\/product"}],"about":[{"href":"https:\/\/lechariotelevateur.fr\/site\/wp-json\/wp\/v2\/types\/product"}],"replies":[{"embeddable":true,"href":"https:\/\/lechariotelevateur.fr\/site\/wp-json\/wp\/v2\/comments?post=1874"}],"wp:featuredmedia":[{"embeddable":true,"href":"https:\/\/lechariotelevateur.fr\/site\/wp-json\/wp\/v2\/media\/1875"}],"wp:attachment":[{"href":"https:\/\/lechariotelevateur.fr\/site\/wp-json\/wp\/v2\/media?parent=1874"}],"wp:term":[{"taxonomy":"product_cat","embeddable":true,"href":"https:\/\/lechariotelevateur.fr\/site\/wp-json\/wp\/v2\/product_cat?post=1874"},{"taxonomy":"product_tag","embeddable":true,"href":"https:\/\/lechariotelevateur.fr\/site\/wp-json\/wp\/v2\/product_tag?post=1874"}],"curies":[{"name":"wp","href":"https:\/\/api.w.org\/{rel}","templated":true}]}}