{"id":1036,"date":"2019-08-06T06:46:09","date_gmt":"2019-08-06T06:46:09","guid":{"rendered":"http:\/\/lechariotelevateur.fr\/site\/?post_type=product&#038;p=1036"},"modified":"2025-05-13T10:33:06","modified_gmt":"2025-05-13T10:33:06","slug":"autolaveuse-karcher-surface-1720-m2-h","status":"publish","type":"product","link":"https:\/\/lechariotelevateur.fr\/site\/nos-machines\/nettoyage\/autolaveuse-karcher-surface-1720-m2-h\/","title":{"rendered":"AUTOLAVEUSE KARCHER SURFACE 1720 m2\/H"},"content":{"rendered":"<h3>Donn\u00e9es techniques<\/h3>\n<table class=\"table\">\n<tbody>\n<tr>\n<td>Largeur de nettoyage (mm)<\/td>\n<td>430<\/td>\n<\/tr>\n<tr>\n<td>Largeur de travail en aspiration (mm)<\/td>\n<td>850<\/td>\n<\/tr>\n<tr>\n<td>Puissance absorb\u00e9e (W)<\/td>\n<td>1100<\/td>\n<\/tr>\n<tr>\n<td>Batterie (V)<\/td>\n<td>24<\/td>\n<\/tr>\n<tr>\n<td>Tension de la batterie (V)<\/td>\n<td>24<\/td>\n<\/tr>\n<tr>\n<td>R\u00e9servoir eau propre\/sale (l)<\/td>\n<td>25 \/ 25<\/td>\n<\/tr>\n<tr>\n<td>Pression des brosses sur le sol (g\/cm\u00b2\/kg)<\/td>\n<td>30 \/ 40 \/ 22,5 \/ 28<\/td>\n<\/tr>\n<tr>\n<td>Vitesse de rotation des rouleaux (U\/min)<\/td>\n<td>180<\/td>\n<\/tr>\n<tr>\n<td>Rendement surfacique max. (m\u00b2\/h)<\/td>\n<td>1720<\/td>\n<\/tr>\n<tr>\n<td>Rendement surfacique pratique (m\u00b2\/h)<\/td>\n<td>1250<\/td>\n<\/tr>\n<tr>\n<td>Poids (avec accessoires) (kg)<\/td>\n<td>48<\/td>\n<\/tr>\n<tr>\n<td>Dimensions (l x L x h) (mm)<\/td>\n<td>1135 x 520 x 1025<\/td>\n<\/tr>\n<\/tbody>\n<\/table>\n<h3><span style=\"font-size: 16px\">CARACT\u00c9RISTIQUES ET AVANTAGES<\/span><\/h3>\n<div class=\"row\">\n<div class=\"col-sm-12\">\n<div class=\"row featurebenefits-row\">\n<div class=\"col-sm-5\">\n<div class=\"row featurebenefits-row\">\n<div class=\"col-sm-5\">\n<h6>Grand compartiement pour batterie adapt\u00e9 \u00e0 tous types de batteries standards<\/h6>\n<\/div>\n<div class=\"col-sm-7 col-no-padding\">\n<ul>\n<li>Compartiment \u00e0 batterie facilement accessible.<\/li>\n<li>Convient \u00e9galement pour des op\u00e9rations multiples.<\/li>\n<\/ul>\n<\/div>\n<\/div>\n<div class=\"row featurebenefits-row\">\n<div class=\"col-sm-5\">\n<h6>Syst\u00e8me Home Base<\/h6>\n<\/div>\n<div class=\"col-sm-7 col-no-padding\">\n<ul>\n<li>Options pour la fixation des crochets, des conteneurs, des serpill\u00e8res, etc.<\/li>\n<li>Des \u00e9quipements de nettoyage suppl\u00e9mentaires peuvent \u00eatre transport\u00e9s.<\/li>\n<\/ul>\n<\/div>\n<\/div>\n<div class=\"row featurebenefits-row\">\n<div class=\"col-sm-5\">\n<h6>Mod\u00e8le d&rsquo;entr\u00e9e de gamme dans la cat\u00e9gorie 25 \u00e0 35 litres<\/h6>\n<\/div>\n<div class=\"col-sm-7 col-no-padding\">\n<ul>\n<li>Excellent rapport qualit\u00e9-prix.<\/li>\n<li>R\u00e9duit aux caract\u00e9ristiques les plus importantes.<\/li>\n<\/ul>\n<\/div>\n<\/div>\n<div class=\"row featurebenefits-row\">\n<div class=\"col-sm-5\">\n<h6>\u00c9l\u00e9ments de commande jaune, bien visibles<\/h6>\n<\/div>\n<div class=\"col-sm-7 col-no-padding\">\n<ul>\n<li>\u00c9l\u00e9ments de commande jaunes simplifient le fonctionnement et r\u00e9duisent le temps d&rsquo;apprentissage.<\/li>\n<\/ul>\n<\/div>\n<\/div>\n<div class=\"row featurebenefits-row\">\n<div class=\"col-sm-5\">\n<h6>Suceurs droits ou courbes disponibles.<\/h6>\n<\/div>\n<\/div>\n<\/div>\n<\/div>\n<\/div>\n<\/div>\n","protected":false},"excerpt":{"rendered":"<p>R\u00e9f\u00e9rence: 6362<\/p>\n<p>&nbsp;<\/p>\n<p>Maniable et silencieuse, l&rsquo;autolaveuse accompagn\u00e9e BD 43\/25 C Bp Pack est dot\u00e9e d&rsquo;une brosse-disque offrant une largeur de travail de 43 cm et d&rsquo;un r\u00e9servoir d&rsquo;eau de 25 litres. Cette machine est id\u00e9ale pour les petites surfaces et les zones encombr\u00e9es.<\/p>\n<p>&nbsp;<\/p>\n<p>Compacte, elle offre une vue claire sur la zone \u00e0 nettoyer. Le bouton de commande unique et le code couleur intuitif (commandes jaunes pour l&rsquo;utilisation et grises pour l&rsquo;entretien) la rendent facile \u00e0 utiliser par les op\u00e9rateurs non form\u00e9s. La machine est \u00e9galement facile \u00e0 nettoyer. Nous vous recommandons cette machine pour l&rsquo;entretien des zones allant jusqu&rsquo;\u00e0 900 m\u00b2. Suceurs droits ou courbes sont disponibles et peuvent \u00eatre command\u00e9s s\u00e9par\u00e9ment.<\/p>\n<p>&nbsp;<\/p>\n<p>L&rsquo;auto laveuse est garanti 6 mois.<\/p>\n<p>&nbsp;<\/p>\n","protected":false},"featured_media":2793,"comment_status":"open","ping_status":"closed","template":"","meta":[],"product_brand":[],"product_cat":[96],"product_tag":[],"class_list":{"0":"post-1036","1":"product","2":"type-product","3":"status-publish","4":"has-post-thumbnail","6":"product_cat-nettoyage","7":"pa_energie-electrique","8":"pa_neuf-occasion-neuf","9":"pa_pneus-pneus-bandage","11":"first","12":"instock","13":"taxable","14":"shipping-taxable","15":"purchasable","16":"product-type-simple"},"_links":{"self":[{"href":"https:\/\/lechariotelevateur.fr\/site\/wp-json\/wp\/v2\/product\/1036","targetHints":{"allow":["GET"]}}],"collection":[{"href":"https:\/\/lechariotelevateur.fr\/site\/wp-json\/wp\/v2\/product"}],"about":[{"href":"https:\/\/lechariotelevateur.fr\/site\/wp-json\/wp\/v2\/types\/product"}],"replies":[{"embeddable":true,"href":"https:\/\/lechariotelevateur.fr\/site\/wp-json\/wp\/v2\/comments?post=1036"}],"wp:featuredmedia":[{"embeddable":true,"href":"https:\/\/lechariotelevateur.fr\/site\/wp-json\/wp\/v2\/media\/2793"}],"wp:attachment":[{"href":"https:\/\/lechariotelevateur.fr\/site\/wp-json\/wp\/v2\/media?parent=1036"}],"wp:term":[{"taxonomy":"product_brand","embeddable":true,"href":"https:\/\/lechariotelevateur.fr\/site\/wp-json\/wp\/v2\/product_brand?post=1036"},{"taxonomy":"product_cat","embeddable":true,"href":"https:\/\/lechariotelevateur.fr\/site\/wp-json\/wp\/v2\/product_cat?post=1036"},{"taxonomy":"product_tag","embeddable":true,"href":"https:\/\/lechariotelevateur.fr\/site\/wp-json\/wp\/v2\/product_tag?post=1036"}],"curies":[{"name":"wp","href":"https:\/\/api.w.org\/{rel}","templated":true}]}}