{"id":71,"date":"2017-03-13T21:36:29","date_gmt":"2017-03-13T21:36:29","guid":{"rendered":"http:\/\/lechariotelevateur.fr\/site\/?page_id=71"},"modified":"2024-11-14T08:29:29","modified_gmt":"2024-11-14T08:29:29","slug":"nos-services","status":"publish","type":"page","link":"https:\/\/lechariotelevateur.fr\/site\/nos-services\/","title":{"rendered":"Nos Services"},"content":{"rendered":"<p><span style=\"color: #000080\"><strong>Location de 1 jour \u00e0 60 mois<\/strong> :<\/span><\/p>\n<ul>\n<li><b>Dur\u00e9e variable<\/b> de la location suivant l&rsquo;utilisation<\/li>\n<li>Mise \u00e0 disposition de mat\u00e9riel afin de faire face \u00e0 un <b>surcro\u00eet d&rsquo;activit\u00e9<\/b><\/li>\n<li>La gestion de la <b>maintenance<\/b> des chariots \u00e9l\u00e9vateurs<\/li>\n<li>Assure le planning des <b>contr\u00f4les de s\u00e9curit\u00e9<\/b> obligatoires semestriels<\/li>\n<li>Ma\u00eetrise de vos <b>co\u00fbts<\/b><\/li>\n<\/ul>\n<p><span style=\"color: #000080\"><strong>La Maintenance<\/strong> :<\/span><\/p>\n<ul>\n<li>Intervention sur <b>toutes marques de mat\u00e9riels<\/b><\/li>\n<li>Des <b>techniciens sp\u00e9cialis\u00e9s<\/b> intervenant sur votre site avec leur camion atelier<\/li>\n<li>Des v\u00e9hicules ateliers radioguid\u00e9s et totalement \u00e9quip\u00e9s<\/li>\n<li>Deux ateliers de r\u00e9paration et de stockage<\/li>\n<li>La mise \u00e0 disposition d&rsquo;un <b>mat\u00e9riel de remplacement en cas de panne prolong\u00e9e<\/b><\/li>\n<li>Un stock important de <b>pi\u00e8ces d\u00e9tach\u00e9es<\/b> de consommation courante<\/li>\n<li>Des co\u00fbts sans surprise, planifi\u00e9s<\/li>\n<li>L&rsquo;assurance du meilleur <b>rapport qualit\u00e9 \/ prix<\/b><\/li>\n<li>La mise en place d&rsquo;un <b>carnet de maintenance<\/b> informatique mise \u00e0 votre disposition \u00e0 tout moment<\/li>\n<li>Des <b>contrats<\/b> adapt\u00e9s \u00e0 vos besoins<\/li>\n<li>Un service <b>bandage et pneumatique<\/b><\/li>\n<li>L&rsquo;\u00e9change standard des <b>moteurs \u00e9lectriques, thermiques et des circuits \u00e9lectroniques<\/b><\/li>\n<li>Un choix des plus grandes marques de <b>batteries et de chargeurs<\/b>, ainsi que la r\u00e9g\u00e9n\u00e9ration de batteries<\/li>\n<li>Un service sp\u00e9cialis\u00e9 dans la transformation, l&rsquo;adaptation et la <b>pose d&rsquo;accessoires<\/b><\/li>\n<\/ul>\n<p><span style=\"color: #000080\"><strong>Vente<\/strong> :<\/span><\/p>\n<p>Avec un stock de plus de <b>300 chariots \u00e9l\u00e9vateurs<\/b> d&rsquo;occasion, nous pouvons vous apporter une solution \u00e0 tous vos besoins en manutention, quelques soient l&rsquo;\u00e9nergie et le type de mat\u00e9riels souhait\u00e9s.<\/p>\n<p>Afin de pouvoir r\u00e9pondre \u00e0 <b>100 % des demandes<\/b> de nos clients, nous travaillons aussi avec des partenaires nationaux ce qui nous permet d&rsquo;apporter une r\u00e9ponse \u00e0 chaque demande, et ce, partout en France.<\/p>\n","protected":false},"excerpt":{"rendered":"<p>Location de 1 jour \u00e0 60 mois : Dur\u00e9e variable de la location suivant l&rsquo;utilisation Mise \u00e0 disposition de mat\u00e9riel afin de faire face \u00e0 un surcro\u00eet d&rsquo;activit\u00e9 La gestion de la maintenance des chariots \u00e9l\u00e9vateurs Assure le planning des contr\u00f4les de s\u00e9curit\u00e9 obligatoires semestriels Ma\u00eetrise de vos co\u00fbts La Maintenance : Intervention sur toutes [&hellip;]<\/p>\n","protected":false},"author":1,"featured_media":0,"parent":0,"menu_order":0,"comment_status":"closed","ping_status":"closed","template":"","meta":{"footnotes":""},"class_list":["post-71","page","type-page","status-publish","hentry"],"_links":{"self":[{"href":"https:\/\/lechariotelevateur.fr\/site\/wp-json\/wp\/v2\/pages\/71","targetHints":{"allow":["GET"]}}],"collection":[{"href":"https:\/\/lechariotelevateur.fr\/site\/wp-json\/wp\/v2\/pages"}],"about":[{"href":"https:\/\/lechariotelevateur.fr\/site\/wp-json\/wp\/v2\/types\/page"}],"author":[{"embeddable":true,"href":"https:\/\/lechariotelevateur.fr\/site\/wp-json\/wp\/v2\/users\/1"}],"replies":[{"embeddable":true,"href":"https:\/\/lechariotelevateur.fr\/site\/wp-json\/wp\/v2\/comments?post=71"}],"version-history":[{"count":10,"href":"https:\/\/lechariotelevateur.fr\/site\/wp-json\/wp\/v2\/pages\/71\/revisions"}],"predecessor-version":[{"id":2782,"href":"https:\/\/lechariotelevateur.fr\/site\/wp-json\/wp\/v2\/pages\/71\/revisions\/2782"}],"wp:attachment":[{"href":"https:\/\/lechariotelevateur.fr\/site\/wp-json\/wp\/v2\/media?parent=71"}],"curies":[{"name":"wp","href":"https:\/\/api.w.org\/{rel}","templated":true}]}}