{"id":61,"date":"2017-03-13T21:32:27","date_gmt":"2017-03-13T21:32:27","guid":{"rendered":"http:\/\/lechariotelevateur.fr\/site\/?page_id=61"},"modified":"2017-04-27T14:30:11","modified_gmt":"2017-04-27T14:30:11","slug":"regeneration-de-batteries","status":"publish","type":"page","link":"https:\/\/lechariotelevateur.fr\/site\/regeneration-de-batteries\/","title":{"rendered":"R\u00e9g\u00e9n\u00e9ration de Batteries"},"content":{"rendered":"<p><strong>Taurand Service Manutention<\/strong>, avec son service d\u00e9di\u00e9 aux professionnels <strong>RE-VOLT<\/strong> vous propose de la r\u00e9g\u00e9n\u00e9ration de batteries destin\u00e9 aux secteurs de l\u2019Industrie, du BTP, du Transport, des Activit\u00e9s de Nettoyage, et g\u00e9n\u00e9ralement de tous types de secteurs employant des appareils \u00e0 batteries a forte capacit\u00e9 de charge.<\/p>\n<div class=\"rsdb_sys_mb_15px\"><\/div>\n<p>Votre batterie <strong>r\u00e9g\u00e9n\u00e9r\u00e9e<\/strong>, et <strong>garantie*<\/strong>, <strong>en moyenne 70% moins ch\u00e8re qu\u2019une batterie de remplacement<\/strong>.<br \/>\n<small>*La dur\u00e9e de garantie varie selon le type et \u00e9tat de votre\/vos batterie(s) \u00e0 r\u00e9ception dans nos ateliers.<\/small><\/p>\n<div class=\"rsdb_sys_mb_15px\"><\/div>\n\n\t\t<!-- MasterSlider -->\n\t\t<div id=\"P_MS6a02a184905d0\" class=\"master-slider-parent msl ms-parent-id-1\" style=\"max-width:731px;\">\n\n\t\t\t\n\t\t\t<!-- MasterSlider Main -->\n\t\t\t<div id=\"MS6a02a184905d0\" class=\"master-slider ms-skin-light-2\" >\n\t\t\t\t \t\t\t\t \n\t\t\t\t<div  class=\"ms-slide\" data-delay=\"3\" data-fill-mode=\"fill\"  >\n\t\t\t\t\t<img decoding=\"async\" src=\"https:\/\/lechariotelevateur.fr\/site\/wp-content\/plugins\/master-slider\/public\/assets\/css\/blank.gif\" alt=\"\" title=\"\" data-src=\"https:\/\/lechariotelevateur.fr\/site\/wp-content\/uploads\/2017\/04\/slide_01.jpg\" \/>\n\n\n\t<div class=\"ms-thumb\" ><div class=\"ms-tab-context\"><div class=\"&quot;ms-tab-context&quot;\"><\/div><\/div>\n<\/div>\n\t\t\t\t<\/div>\n\t\t\t\t<div  class=\"ms-slide\" data-delay=\"3\" data-fill-mode=\"fill\"  >\n\t\t\t\t\t<img decoding=\"async\" src=\"https:\/\/lechariotelevateur.fr\/site\/wp-content\/plugins\/master-slider\/public\/assets\/css\/blank.gif\" alt=\"\" title=\"\" data-src=\"https:\/\/lechariotelevateur.fr\/site\/wp-content\/uploads\/2017\/04\/slide_02.jpg\" \/>\n\n\n\t<div class=\"ms-thumb\" ><div class=\"ms-tab-context\"><div class=\"&quot;ms-tab-context&quot;\"><\/div><\/div>\n<\/div>\n\t\t\t\t<\/div>\n\t\t\t\t<div  class=\"ms-slide\" data-delay=\"3\" data-fill-mode=\"fill\"  >\n\t\t\t\t\t<img decoding=\"async\" src=\"https:\/\/lechariotelevateur.fr\/site\/wp-content\/plugins\/master-slider\/public\/assets\/css\/blank.gif\" alt=\"\" title=\"\" data-src=\"https:\/\/lechariotelevateur.fr\/site\/wp-content\/uploads\/2017\/04\/slide_03.jpg\" \/>\n\n\n\t<div class=\"ms-thumb\" ><div class=\"ms-tab-context\"><div class=\"&quot;ms-tab-context&quot;\"><\/div><\/div>\n<\/div>\n\t\t\t\t<\/div>\n\t\t\t\t<div  class=\"ms-slide\" data-delay=\"3\" data-fill-mode=\"fill\"  >\n\t\t\t\t\t<img decoding=\"async\" src=\"https:\/\/lechariotelevateur.fr\/site\/wp-content\/plugins\/master-slider\/public\/assets\/css\/blank.gif\" alt=\"\" title=\"\" data-src=\"https:\/\/lechariotelevateur.fr\/site\/wp-content\/uploads\/2017\/04\/slide_04.jpg\" \/>\n\n\n\t<div class=\"ms-thumb\" ><div class=\"ms-tab-context\"><div class=\"&quot;ms-tab-context&quot;\"><\/div><\/div>\n<\/div>\n\t\t\t\t<\/div>\n\t\t\t\t<div  class=\"ms-slide\" data-delay=\"3\" data-fill-mode=\"fill\"  >\n\t\t\t\t\t<img decoding=\"async\" src=\"https:\/\/lechariotelevateur.fr\/site\/wp-content\/plugins\/master-slider\/public\/assets\/css\/blank.gif\" alt=\"\" title=\"\" data-src=\"https:\/\/lechariotelevateur.fr\/site\/wp-content\/uploads\/2017\/04\/slide_05.jpg\" \/>\n\n\n\t<div class=\"ms-thumb\" ><div class=\"ms-tab-context\"><div class=\"&quot;ms-tab-context&quot;\"><\/div><\/div>\n<\/div>\n\t\t\t\t<\/div>\n\t\t\t\t<div  class=\"ms-slide\" data-delay=\"3\" data-fill-mode=\"fill\"  >\n\t\t\t\t\t<img decoding=\"async\" src=\"https:\/\/lechariotelevateur.fr\/site\/wp-content\/plugins\/master-slider\/public\/assets\/css\/blank.gif\" alt=\"\" title=\"\" data-src=\"https:\/\/lechariotelevateur.fr\/site\/wp-content\/uploads\/2017\/04\/slide_06.jpg\" \/>\n\n\n\t<div class=\"ms-thumb\" ><div class=\"ms-tab-context\"><div class=\"&quot;ms-tab-context&quot;\"><\/div><\/div>\n<\/div>\n\t\t\t\t<\/div>\n\n\t\t\t<\/div>\n\t\t\t<!-- END MasterSlider Main -->\n\n\t\t\t \n\t\t<\/div>\n\t\t<!-- END MasterSlider -->\n\n\t\t<script>\n\t\t(function ( $ ) {\n\t\t\t\"use strict\";\n\n\t\t\t$(function () {\n\t\t\t\tvar masterslider_05d0 = new MasterSlider();\n\n\t\t\t\t\/\/ slider controls\n\t\t\t\tmasterslider_05d0.control('arrows'     ,{ autohide:true, overVideo:true  });\t\t\t\tmasterslider_05d0.control('bullets'    ,{ autohide:true, overVideo:true, dir:'h', align:'bottom' , margin:10  });\n\n\t\t\t\tmasterslider_05d0.control('timebar'    ,{ autohide:false, overVideo:true, align:'bottom', color:'#FFFFFF'  , width:4 });\n\t\t\t\t\/\/ slider setup\n\t\t\t\tmasterslider_05d0.setup(\"MS6a02a184905d0\", {\n\t\t\t\t\t\twidth           : 731,\n\t\t\t\t\t\theight          : 406,\n\t\t\t\t\t\tminHeight       : 0,\n\t\t\t\t\t\tspace           : 0,\n\t\t\t\t\t\tstart           : 1,\n\t\t\t\t\t\tgrabCursor      : true,\n\t\t\t\t\t\tswipe           : true,\n\t\t\t\t\t\tmouse           : true,\n\t\t\t\t\t\tlayout          : \"boxed\",\n\t\t\t\t\t\twheel           : false,\n\t\t\t\t\t\tautoplay        : true,\n\t\t\t\t\t\tinstantStartLayers:false,\n\t\t\t\t\t\tloop            : true,\n\t\t\t\t\t\tshuffle         : false,\n\t\t\t\t\t\tpreload         : 0,\n\t\t\t\t\t\theightLimit     : true,\n\t\t\t\t\t\tautoHeight      : true,\n\t\t\t\t\t\tsmoothHeight    : true,\n\t\t\t\t\t\tendPause        : false,\n\t\t\t\t\t\toverPause       : true,\n\t\t\t\t\t\tfillMode        : \"fill\",\n\t\t\t\t\t\tcenterControls  : true,\n\t\t\t\t\t\tstartOnAppear   : false,\n\t\t\t\t\t\tlayersMode      : \"center\",\n\t\t\t\t\t\thideLayers      : false,\n\t\t\t\t\t\tfullscreenMargin: 0,\n\t\t\t\t\t\tspeed           : 10,\n\t\t\t\t\t\tdir             : \"h\",\n\t\t\t\t\t\tparallaxMode    : 'swipe',\n\t\t\t\t\t\tview            : \"basic\"\n\t\t\t\t});\n\n\t\t\t\t\n\t\t\t\twindow.masterslider_instances = window.masterslider_instances || [];\n\t\t\t\twindow.masterslider_instances.push( masterslider_05d0 );\n\t\t\t });\n\n\t\t})(jQuery);\n\t\t<\/script>\n\n\n<div class=\"rsdb_sys_mb_15px\"><\/div>\n<p><strong>Enl\u00e8vement et livraison gratuits en IDF \u00e0 partir de 2 batteries, devis gratuit, merci de nous contacter<\/strong>.<\/p>\n<div class=\"rsdb_sys_mb_15px\"><\/div>\n<p><strong>Sp\u00e9cialis\u00e9s depuis plus de 15 ans dans le domaine de la r\u00e9g\u00e9n\u00e9ration de batteries<\/strong>, nous nous effor\u00e7ons de tout faire afin que votre batterie retrouve sa jeunesse et reparte pour un cycle d\u2019utilisation, <strong>favorisant ainsi l\u2019\u00e9cologie<\/strong>, <strong>en \u00e9vitant du d\u00e9chet inutile<\/strong>. <strong>Une batterie r\u00e9g\u00e9n\u00e9r\u00e9e se comporte comme une batterie neuve<\/strong>, c\u2019est \u00e0 dire que ses cycles de charge\/d\u00e9charge sont proches des valeurs d\u2019une batterie neuve, et <strong>vous obtenez un certificat de conformit\u00e9 pour votre batterie<\/strong>.<\/p>\n<div class=\"rsdb_sys_mb_15px\"><\/div>\n<p>Pour toute question, n\u2019h\u00e9sitez pas \u00e0 nous contacter, et si vous souhaitez obtenir un prix ou un devis pour la r\u00e9g\u00e9n\u00e9ration de vos batteries, vous pouvez consulter la rubrique Nos Tarifs, ou nous contacter pour un devis.<\/p>\n<div class=\"rsdb_sys_mb_15px\"><\/div>\n<p><strong>A partir de 2 batteries en r\u00e9g\u00e9n\u00e9ration<\/strong>, nous vous offrons les frais de port en IDF (nous passons les r\u00e9cup\u00e9rer et vous les livrons une fois r\u00e9g\u00e9n\u00e9r\u00e9es).<\/p>\n<div class=\"rsdb_sys_mb_15px\"><\/div>\n<p>Le service se veut national, nous vous invitons \u00e0 vous rapprocher d\u2019un transporteur afin de voir les frais de port jusqu\u2019en IDF, <strong>presque coll\u00e9 \u00e0 l&rsquo;A\u00e9roport CDG<\/strong> (Roissy Charles-de-Gaulle), au 3 RUE DU MANOIR &#8211; 95380 EPIAIS LES LOUVRES.<\/p>\n<div class=\"rsdb_sys_mb_15px\"><\/div>\n<p><strong>Nous r\u00e9g\u00e9n\u00e9rons les batteries de toutes marques, pensez-juste \u00e0 nous faire conna\u00eetre l\u2019amp\u00e9rage et le Voltage dans votre demande de devis, et nous vous recontactons dans les meilleurs d\u00e9lais afin de vous faire un devis, le plus bas du march\u00e9 \u00e0 qualit\u00e9 \u00e9quivalente<\/strong>.<\/p>\n<div class=\"rsdb_sys_mb_15px\"><\/div>\n<p>Nous utilisons parmi plusieurs technologies les appareils et chargeurs de la marque ENERGIC PLUS, ci-dessous une vid\u00e9o en anglais montrant le processus.<\/p>\n<div class=\"rsdb_sys_mb_15px\"><\/div>\n<div class=\"youtube_container\"><iframe loading=\"lazy\" width=\"741\" height=\"417\" src=\"https:\/\/www.youtube.com\/embed\/A4iE7hY2Suc?rel=0&amp;showinfo=0?ecver=1\" frameborder=\"0\" allowfullscreen class=\"youtube_video\"><\/iframe><\/div>\n","protected":false},"excerpt":{"rendered":"<p>Taurand Service Manutention, avec son service d\u00e9di\u00e9 aux professionnels RE-VOLT vous propose de la r\u00e9g\u00e9n\u00e9ration de batteries destin\u00e9 aux secteurs de l\u2019Industrie, du BTP, du Transport, des Activit\u00e9s de Nettoyage, et g\u00e9n\u00e9ralement de tous types de secteurs employant des appareils \u00e0 batteries a forte capacit\u00e9 de charge. Votre batterie r\u00e9g\u00e9n\u00e9r\u00e9e, et garantie*, en moyenne 70% [&hellip;]<\/p>\n","protected":false},"author":1,"featured_media":0,"parent":0,"menu_order":0,"comment_status":"closed","ping_status":"closed","template":"","meta":{"footnotes":""},"class_list":["post-61","page","type-page","status-publish","hentry"],"_links":{"self":[{"href":"https:\/\/lechariotelevateur.fr\/site\/wp-json\/wp\/v2\/pages\/61","targetHints":{"allow":["GET"]}}],"collection":[{"href":"https:\/\/lechariotelevateur.fr\/site\/wp-json\/wp\/v2\/pages"}],"about":[{"href":"https:\/\/lechariotelevateur.fr\/site\/wp-json\/wp\/v2\/types\/page"}],"author":[{"embeddable":true,"href":"https:\/\/lechariotelevateur.fr\/site\/wp-json\/wp\/v2\/users\/1"}],"replies":[{"embeddable":true,"href":"https:\/\/lechariotelevateur.fr\/site\/wp-json\/wp\/v2\/comments?post=61"}],"version-history":[{"count":14,"href":"https:\/\/lechariotelevateur.fr\/site\/wp-json\/wp\/v2\/pages\/61\/revisions"}],"predecessor-version":[{"id":474,"href":"https:\/\/lechariotelevateur.fr\/site\/wp-json\/wp\/v2\/pages\/61\/revisions\/474"}],"wp:attachment":[{"href":"https:\/\/lechariotelevateur.fr\/site\/wp-json\/wp\/v2\/media?parent=61"}],"curies":[{"name":"wp","href":"https:\/\/api.w.org\/{rel}","templated":true}]}}