{"id":4,"date":"2017-03-07T16:03:30","date_gmt":"2017-03-07T16:03:30","guid":{"rendered":"http:\/\/lechariotelevateur.fr\/site\/?page_id=4"},"modified":"2024-02-19T16:50:08","modified_gmt":"2024-02-19T16:50:08","slug":"nos-machines","status":"publish","type":"page","link":"https:\/\/lechariotelevateur.fr\/site\/nos-machines\/","title":{"rendered":"Nos Machines"},"content":{"rendered":"<div class=\"rsdb_conseil_filtrage_produits_ordinateurs\">Afin de <strong>filtrer les produits ci-dessous<\/strong>, merci de s\u00e9lectionner les filtres <strong>cat\u00e9gorie<\/strong>, <strong>\u00e9nergie<\/strong>&#8230; ci-contre, le filtrage se fera alors automatiquement, et seuls les produits correspondants aux crit\u00e8res choisis s&rsquo;afficheront.<\/div>\n<div class=\"rsdb_conseil_filtrage_produits_smartphones\"><a href=\"#filtre-produits\">Filtrer les produits ci-dessous<\/a><\/div>\n","protected":false},"excerpt":{"rendered":"<p>Afin de filtrer les produits ci-dessous, merci de s\u00e9lectionner les filtres cat\u00e9gorie, \u00e9nergie&#8230; ci-contre, le filtrage se fera alors automatiquement, et seuls les produits correspondants aux crit\u00e8res choisis s&rsquo;afficheront. Filtrer les produits ci-dessous<\/p>\n","protected":false},"author":1,"featured_media":0,"parent":0,"menu_order":0,"comment_status":"closed","ping_status":"closed","template":"","meta":[],"_links":{"self":[{"href":"https:\/\/lechariotelevateur.fr\/site\/wp-json\/wp\/v2\/pages\/4"}],"collection":[{"href":"https:\/\/lechariotelevateur.fr\/site\/wp-json\/wp\/v2\/pages"}],"about":[{"href":"https:\/\/lechariotelevateur.fr\/site\/wp-json\/wp\/v2\/types\/page"}],"author":[{"embeddable":true,"href":"https:\/\/lechariotelevateur.fr\/site\/wp-json\/wp\/v2\/users\/1"}],"replies":[{"embeddable":true,"href":"https:\/\/lechariotelevateur.fr\/site\/wp-json\/wp\/v2\/comments?post=4"}],"version-history":[{"count":25,"href":"https:\/\/lechariotelevateur.fr\/site\/wp-json\/wp\/v2\/pages\/4\/revisions"}],"predecessor-version":[{"id":468,"href":"https:\/\/lechariotelevateur.fr\/site\/wp-json\/wp\/v2\/pages\/4\/revisions\/468"}],"wp:attachment":[{"href":"https:\/\/lechariotelevateur.fr\/site\/wp-json\/wp\/v2\/media?parent=4"}],"curies":[{"name":"wp","href":"https:\/\/api.w.org\/{rel}","templated":true}]}}