{"id":277,"date":"2017-04-15T17:45:37","date_gmt":"2017-04-15T17:45:37","guid":{"rendered":"http:\/\/lechariotelevateur.fr\/site\/?page_id=277"},"modified":"2017-04-24T23:07:06","modified_gmt":"2017-04-24T23:07:06","slug":"demandes-specifiques","status":"publish","type":"page","link":"https:\/\/lechariotelevateur.fr\/site\/demandes-specifiques\/","title":{"rendered":"Demandes sp\u00e9cifiques"},"content":{"rendered":"<p>Formulaire pour les demandes sp\u00e9cifiques pour les <strong>pi\u00e8ces d\u00e9tach\u00e9es<\/strong><br \/>\n&nbsp;<br \/>\n<img src=\"\/site\/_rsdb_static\/catalogue-pieces-detachees.png\" alt=\"\"><br \/>\n&nbsp;<br \/>\nAcc\u00e9dez \u00e0 notre <strong>catalogue de plus de 100 000 pi\u00e8ces d\u00e9tach\u00e9es<\/strong> livrables sur toute la France par le biais du formulaire de devis sp\u00e9cifique ci-contre.<br \/>\n&nbsp;<br \/>\nMerci de remplir le plus de champs possibles afin que nous puissions vous fournir un devis le plus rapidement possible pour la bonne pi\u00e8ce.<br \/>\n&nbsp;<br \/>\nSi vous n&rsquo;avez pas toutes les informations, merci de nous contacter en pr\u00e9cisant le maximum d&rsquo;informations dont vous disposez, nous ferons au mieux afin de retrouver la bonne pi\u00e8ce ou r\u00e9f\u00e9rence.<\/p>\n","protected":false},"excerpt":{"rendered":"<p>Formulaire pour les demandes sp\u00e9cifiques pour les pi\u00e8ces d\u00e9tach\u00e9es &nbsp; &nbsp; Acc\u00e9dez \u00e0 notre catalogue de plus de 100 000 pi\u00e8ces d\u00e9tach\u00e9es livrables sur toute la France par le biais du formulaire de devis sp\u00e9cifique ci-contre. &nbsp; Merci de remplir le plus de champs possibles afin que nous puissions vous fournir un devis le plus [&hellip;]<\/p>\n","protected":false},"author":1,"featured_media":0,"parent":0,"menu_order":0,"comment_status":"closed","ping_status":"closed","template":"","meta":[],"_links":{"self":[{"href":"https:\/\/lechariotelevateur.fr\/site\/wp-json\/wp\/v2\/pages\/277"}],"collection":[{"href":"https:\/\/lechariotelevateur.fr\/site\/wp-json\/wp\/v2\/pages"}],"about":[{"href":"https:\/\/lechariotelevateur.fr\/site\/wp-json\/wp\/v2\/types\/page"}],"author":[{"embeddable":true,"href":"https:\/\/lechariotelevateur.fr\/site\/wp-json\/wp\/v2\/users\/1"}],"replies":[{"embeddable":true,"href":"https:\/\/lechariotelevateur.fr\/site\/wp-json\/wp\/v2\/comments?post=277"}],"version-history":[{"count":4,"href":"https:\/\/lechariotelevateur.fr\/site\/wp-json\/wp\/v2\/pages\/277\/revisions"}],"predecessor-version":[{"id":381,"href":"https:\/\/lechariotelevateur.fr\/site\/wp-json\/wp\/v2\/pages\/277\/revisions\/381"}],"wp:attachment":[{"href":"https:\/\/lechariotelevateur.fr\/site\/wp-json\/wp\/v2\/media?parent=277"}],"curies":[{"name":"wp","href":"https:\/\/api.w.org\/{rel}","templated":true}]}}