{"id":23,"date":"2017-03-10T23:31:39","date_gmt":"2017-03-10T23:31:39","guid":{"rendered":"http:\/\/lechariotelevateur.fr\/site\/?page_id=23"},"modified":"2024-05-24T16:28:00","modified_gmt":"2024-05-24T16:28:00","slug":"materiel-de-manutention","status":"publish","type":"page","link":"https:\/\/lechariotelevateur.fr\/site\/","title":{"rendered":"Mat\u00e9riel de Manutention"},"content":{"rendered":"<p>Bienvenue chez <strong>Taurand Service Manutention<\/strong>, sp\u00e9cialiste du <strong>Chariot \u00e9l\u00e9vateur<\/strong> toutes \u00e9nergies, neuf ou d&rsquo;occasion mais \u00e9galement de Gerbeurs et Transpalettes \u00e9lectriques, de Mat\u00e9riels de manutention, ainsi que de <strong>V\u00e9hicules de Mobilit\u00e9<\/strong> dans les domaines de l&rsquo;industrie, de l\u2019agricole, du m\u00e9dical et des loisirs. <strong>Taurand Service Manutention<\/strong> c&rsquo;est \u00e9galement toute la gamme de Pi\u00e8ces d\u00e9tach\u00e9es (<strong>catalogue de plus de 100 000 pi\u00e8ces<\/strong> livrables partout en France).<\/p>\n<div class=\"rsdb_sys_mb_15px\">\u00a0<\/div>\n<p>Vous trouverez-ci-dessous nos derniers ajouts de machines, merci de cliquer sur la rubrique qui vous int\u00e9resse afin de consulter nos derni\u00e8res offres.<\/p>\n<div class=\"rsdb_sys_mb_15px\">\u00a0<\/div>\n<div class=\"RSDB_COLS_SYS_1_7 RSDB_MRG_B_20PX\">\n<div class=\"RSDB_COLS_BLOCS_1_7\">\n<div class=\"RSDB_BLOC_LINK\"><a href=\"https:\/\/lechariotelevateur.fr\/site\/nos-machines\/?swoof=1&amp;product_cat=chariots-elevateurs\"><img loading=\"lazy\" class=\"RSDB_PICTO_ACTIVITE alignnone\" src=\"\/site\/_rsdb_static\/taurand-picto-chariots.png\" alt=\"\" width=\"120\" height=\"80\" \/><\/a>\n<p>\u00a0<\/p>\n<div class=\"RSDB_BLOC_RSP_TITLE\">Chariots<\/div>\n<\/div>\n<\/div>\n<div class=\"RSDB_COLS_BLOCS_1_7\">\n<div class=\"RSDB_BLOC_LINK\"><a href=\"https:\/\/lechariotelevateur.fr\/site\/nos-machines\/?swoof=1&amp;product_cat=gerbeurs-electriques\"><img loading=\"lazy\" class=\"RSDB_PICTO_ACTIVITE alignnone\" src=\"\/site\/_rsdb_static\/taurand-picto-gerbeurs.png\" alt=\"\" width=\"120\" height=\"80\" \/><\/a>\n<p>\u00a0<\/p>\n<div class=\"RSDB_BLOC_RSP_TITLE\">Gerbeurs<\/div>\n<\/div>\n<\/div>\n<div class=\"RSDB_COLS_BLOCS_1_7\">\n<div class=\"RSDB_BLOC_LINK\"><a href=\"https:\/\/lechariotelevateur.fr\/site\/nos-machines\/?swoof=1&amp;product_cat=retractables\"><img loading=\"lazy\" class=\"RSDB_PICTO_ACTIVITE alignnone\" src=\"\/site\/_rsdb_static\/taurand-picto-retractables.png\" alt=\"\" width=\"120\" height=\"80\" \/><\/a>\n<p>\u00a0<\/p>\n<div class=\"RSDB_BLOC_RSP_TITLE\">R\u00e9tractables<\/div>\n<\/div>\n<\/div>\n<div class=\"RSDB_COLS_BLOCS_1_7\">\n<div class=\"RSDB_BLOC_LINK\"><a href=\"https:\/\/lechariotelevateur.fr\/site\/nos-machines\/?swoof=1&amp;product_cat=magasinage-transpalettes\"><img loading=\"lazy\" class=\"RSDB_PICTO_ACTIVITE alignnone\" src=\"\/site\/_rsdb_static\/taurand-picto-magasinage.png\" alt=\"\" width=\"120\" height=\"80\" \/><\/a>\n<p>\u00a0<\/p>\n<div class=\"RSDB_BLOC_RSP_TITLE\">Magasinage<\/div>\n<\/div>\n<\/div>\n<div class=\"RSDB_COLS_BLOCS_1_7\">\n<div class=\"RSDB_BLOC_LINK\"><a href=\"https:\/\/lechariotelevateur.fr\/site\/nos-machines\/?swoof=1&amp;product_cat=nettoyage\"><img loading=\"lazy\" class=\"RSDB_PICTO_ACTIVITE alignnone\" src=\"\/site\/_rsdb_static\/taurand-picto-nettoyage.png\" alt=\"\" width=\"120\" height=\"80\" \/><\/a>\n<p>\u00a0<\/p>\n<div class=\"RSDB_BLOC_RSP_TITLE\">Nettoyage<\/div>\n<\/div>\n<\/div>\n<div class=\"RSDB_COLS_BLOCS_1_7\">\n<div class=\"RSDB_BLOC_LINK\"><a href=\"https:\/\/lechariotelevateur.fr\/site\/nos-machines\/?swoof=1&amp;product_cat=mobilite\"><img loading=\"lazy\" class=\"RSDB_PICTO_ACTIVITE alignnone\" src=\"\/site\/_rsdb_static\/taurand-picto-mobilite.png\" alt=\"\" width=\"120\" height=\"80\" \/><\/a>\n<p>\u00a0<\/p>\n<div class=\"RSDB_BLOC_RSP_TITLE\">Mobilit\u00e9<\/div>\n<\/div>\n<\/div>\n<div class=\"RSDB_COLS_BLOCS_1_7\">\n<div class=\"RSDB_BLOC_LINK\"><a href=\"https:\/\/lechariotelevateur.fr\/site\/nos-machines\/?swoof=1&amp;product_cat=autres\"><img loading=\"lazy\" class=\"RSDB_PICTO_ACTIVITE alignnone\" src=\"\/site\/_rsdb_static\/taurand-picto-autres.png\" alt=\"\" width=\"120\" height=\"80\" \/><\/a>\n<p>\u00a0<\/p>\n<div class=\"RSDB_BLOC_RSP_TITLE\">Autres<\/div>\n<\/div>\n<\/div>\n<\/div>\n<div class=\"RSDB_COLS_SYS_1_3 RSDB_MRG_B_20PX\">\n<div class=\"RSDB_COLS_BLOCS_2_3\">\n<p>Il ne s&rsquo;agit ci-dessus que d&rsquo;un extrait de nos mat\u00e9riels disponibles. Nous avons en permanence <strong>pr\u00e8s de 300 machines en stock<\/strong>, et proposons par le biais de nos distributeurs et partenaires locaux des offres sur toute la France. <strong>N&rsquo;h\u00e9sitez pas \u00e0 nous contacter pour tout besoin en machine neuve ou occasion<\/strong>, nous aurons forc\u00e9ment la meilleure offre \u00e0 vous faire, avec une assistance locale par le biais de nos partenaires sur la majorit\u00e9 des r\u00e9gions.<\/p>\n<div class=\"rsdb_sys_mb_15px\">\u00a0<\/div>\n<p><strong>Taurand Service Manutention<\/strong>, c&rsquo;est \u00e9galement la maintenance de vos chariots \u00e9l\u00e9vateurs, gerbeurs&#8230; ou de votre parc de machines en Ile-de-France, ainsi que la <strong>r\u00e9g\u00e9n\u00e9ration de batteries professionnelle<\/strong>, qui vous permet de <strong>r\u00e9duire vos frais de remplacement de batterie jusqu&rsquo;\u00e0 80%<\/strong> tout en b\u00e9n\u00e9ficiant d&rsquo;une batterie pleinement recharg\u00e9e, avec des capacit\u00e9s de charge proches d&rsquo;une batterie neuve, et d&rsquo;un certificat et d&rsquo;une garantie. N&rsquo;h\u00e9sitez pas \u00e0 nous contacter.<\/p>\n<div class=\"RSDB_COLS_SYS_1_2 RSDB_MRG_B_20PX\">\n<div class=\"RSDB_COLS_BLOCS_1_2\"><a title=\"Voir notre offre de R\u00e9g\u00e9n\u00e9ration de Batteries Pro RE-VOLT\" href=\"\/site\/regeneration-de-batteries\/\"><img class=\"RSDB_PICTO_ACTIVITE2\" src=\"\/site\/_rsdb_static\/taurand-picto-home-btn-revolt.png\" alt=\"R\u00e9g\u00e9n\u00e9ration de Batteries\" \/><\/a><\/div>\n<div class=\"RSDB_COLS_BLOCS_2_2\"><a title=\"Voir notre stock de Pi\u00e8ces d\u00e9tach\u00e9es\" href=\"\/site\/pieces-detachees\/\"><img class=\"RSDB_PICTO_ACTIVITE2\" src=\"\/site\/_rsdb_static\/taurand-picto-home-btn-catalogue-pieces-detachees.png\" alt=\"Pi\u00e8ces d\u00e9tach\u00e9es\" \/><\/a><\/div>\n<\/div>\n<p><strong>Pour toute demande d&rsquo;information ou de devis<\/strong>, qu&rsquo;il s&rsquo;agisse pour un chariot \u00e9l\u00e9vateur ou d&rsquo;autres mat\u00e9riels de manutention, <strong>merci de remplir le formulaire de contact-devis ci-contre<\/strong>, nous vous contacterons le plus rapidement possible.<\/p>\n<div class=\"rsdb_sys_mb_15px\">\u00a0<\/div>\n<p><strong>Pour toute demande li\u00e9e \u00e0 une pi\u00e8ce d\u00e9tach\u00e9e<\/strong>, merci d&rsquo;utiliser le formulaire sp\u00e9cifique par le biais du lien suivant : <a href=\"\/site\/demandes-specifiques\/\"><strong>Formulaire pi\u00e8ces d\u00e9tach\u00e9es<\/strong><\/a> plus adapt\u00e9 et qui vous permet de renseigner la marque, le type, l&rsquo;ann\u00e9e, le num\u00e9ro de s\u00e9rie de la pi\u00e8ce demand\u00e9e ainsi que sa d\u00e9signation de la pi\u00e8ce recherch\u00e9e parmi notre base de plus de 100 000 pi\u00e8ces disponibles.<\/p>\n<div class=\"rsdb_sys_mb_15px\">\u00a0<\/div>\n<p><strong>Taurand Service Manutention<\/strong> est revendeurs agr\u00e9\u00e9s des marques leaders telles que <strong>HELI, Karcher, Nobelift et Manutil<\/strong>, nous vous offrons une gamme compl\u00e8te de solutions de qualit\u00e9 sup\u00e9rieure. Avec notre engagement envers le service client et notre expertise technique, nous sommes l\u00e0 pour vous aider \u00e0 optimiser votre efficacit\u00e9 op\u00e9rationnelle.<\/p>\n<p>D\u00e9couvrez notre s\u00e9lection de produits et contactez-nous d\u00e8s aujourd&rsquo;hui pour trouver la solution parfaite pour votre entreprise.<\/p>\n<\/div>\n<\/div>\n\n\n<ul class=\"wp-container-1 wp-block-social-links\"><li class=\"wp-social-link wp-social-link-linkedin wp-block-social-link\"><a href=\"https:\/\/www.linkedin.com\/company\/taurand-service-manutention-tsm\/posts\/?feedView=all\" aria-label=\"Notre Page Linkedin\"  class=\"wp-block-social-link-anchor\"> <svg width=\"24\" height=\"24\" viewBox=\"0 0 24 24\" version=\"1.1\" xmlns=\"http:\/\/www.w3.org\/2000\/svg\" role=\"img\" aria-hidden=\"true\" focusable=\"false\"><path d=\"M19.7,3H4.3C3.582,3,3,3.582,3,4.3v15.4C3,20.418,3.582,21,4.3,21h15.4c0.718,0,1.3-0.582,1.3-1.3V4.3 C21,3.582,20.418,3,19.7,3z M8.339,18.338H5.667v-8.59h2.672V18.338z M7.004,8.574c-0.857,0-1.549-0.694-1.549-1.548 c0-0.855,0.691-1.548,1.549-1.548c0.854,0,1.547,0.694,1.547,1.548C8.551,7.881,7.858,8.574,7.004,8.574z M18.339,18.338h-2.669 v-4.177c0-0.996-0.017-2.278-1.387-2.278c-1.389,0-1.601,1.086-1.601,2.206v4.249h-2.667v-8.59h2.559v1.174h0.037 c0.356-0.675,1.227-1.387,2.526-1.387c2.703,0,3.203,1.779,3.203,4.092V18.338z\"><\/path><\/svg><\/a><\/li><\/ul>\n\n\n\n<p><\/p>\n","protected":false},"excerpt":{"rendered":"<p>Bienvenue chez Taurand Service Manutention, sp\u00e9cialiste du Chariot \u00e9l\u00e9vateur toutes \u00e9nergies, neuf ou d&rsquo;occasion mais \u00e9galement de Gerbeurs et Transpalettes \u00e9lectriques, de Mat\u00e9riels de manutention, ainsi que de V\u00e9hicules de Mobilit\u00e9 dans les domaines de l&rsquo;industrie, de l\u2019agricole, du m\u00e9dical et des loisirs. Taurand Service Manutention c&rsquo;est \u00e9galement toute la gamme de Pi\u00e8ces d\u00e9tach\u00e9es (catalogue [&hellip;]<\/p>\n","protected":false},"author":1,"featured_media":0,"parent":0,"menu_order":0,"comment_status":"closed","ping_status":"closed","template":"","meta":[],"_links":{"self":[{"href":"https:\/\/lechariotelevateur.fr\/site\/wp-json\/wp\/v2\/pages\/23"}],"collection":[{"href":"https:\/\/lechariotelevateur.fr\/site\/wp-json\/wp\/v2\/pages"}],"about":[{"href":"https:\/\/lechariotelevateur.fr\/site\/wp-json\/wp\/v2\/types\/page"}],"author":[{"embeddable":true,"href":"https:\/\/lechariotelevateur.fr\/site\/wp-json\/wp\/v2\/users\/1"}],"replies":[{"embeddable":true,"href":"https:\/\/lechariotelevateur.fr\/site\/wp-json\/wp\/v2\/comments?post=23"}],"version-history":[{"count":102,"href":"https:\/\/lechariotelevateur.fr\/site\/wp-json\/wp\/v2\/pages\/23\/revisions"}],"predecessor-version":[{"id":2645,"href":"https:\/\/lechariotelevateur.fr\/site\/wp-json\/wp\/v2\/pages\/23\/revisions\/2645"}],"wp:attachment":[{"href":"https:\/\/lechariotelevateur.fr\/site\/wp-json\/wp\/v2\/media?parent=23"}],"curies":[{"name":"wp","href":"https:\/\/api.w.org\/{rel}","templated":true}]}}